{"id":3554,"date":"2019-12-07T13:34:30","date_gmt":"2019-12-07T13:34:30","guid":{"rendered":"https:\/\/www.peseschkian-stiftung.de\/?post_type=product&amp;p=3554"},"modified":"2019-12-07T13:34:30","modified_gmt":"2019-12-07T13:34:30","slug":"lebensfreude-statt-stress-cd","status":"publish","type":"product","link":"https:\/\/en.peseschkian-stiftung.de\/de\/produkt\/lebensfreude-statt-stress-cd","title":{"rendered":"Lebensfreude statt Stress CD"},"content":{"rendered":"<p><strong>Prof. Nossrat Peseschkian &#8211; Dr. med. Nawid Peseschkian<\/strong><\/p>\n<p>Stress empfindet jeder &#8211; die Frage ist nur, in welchem Ma\u00dfe und ob die Folgen uns krank machen oder ob wir in der Lage sind, unser Leben auf Dauer ins Gleichgewicht zu bringen. Um Ersch\u00f6pfung und \u00dcberlastung schnell abzubauen und neue Kr\u00e4fte wieder freizusetzen, gibt es eine ganze Reihe von hilfreichen Techniken, die wir Ihnen mit dieser CD gern vorstellen. Lernen Sie mit einfach anwendbaren Methoden, Ihren individuellen Stressfaktoren zu erkennen, hinter sich zu lassen und wieder Balance in Ihr Leben zu bringen. Orientalische Geschichten helfen Ihnen mit Humor und Aha-Effekt zu neuen Sichtweisen.<\/p>\n<p>&nbsp;<\/p>\n<p>&nbsp;<\/p>","protected":false},"excerpt":{"rendered":"<p>&nbsp;<\/p>\n<p><b>Audio CD:<\/b> 440 Seiten<\/p>\n<p><b>Verlag:<\/b> TRIAS<\/p>\n<p><b>Sprache:<\/b> Deutsch<\/p>\n<p><b>ISBN-10:<\/b> 3830434758<\/p>\n<p><b>ISBN-13:<\/b> 978-3830434757<\/p>\n<p><b> Gr\u00f6\u00dfe und\/oder Gewicht: <\/b> 13,9 x 0,8 x 12,7 cm<\/p>\n<p>&nbsp;<\/p>","protected":false},"featured_media":3555,"comment_status":"closed","ping_status":"closed","template":"","meta":[],"product_brand":[],"product_cat":[39,41,40],"product_tag":[],"class_list":{"0":"post-3554","1":"product","2":"type-product","3":"status-publish","4":"has-post-thumbnail","6":"product_cat-deutsch","7":"product_cat-dr-med-nawid-peseschkian","8":"product_cat-prof-nossrat-peseschkian","9":"sales-flash-overlay","10":"woocommerce-text-align-center","11":"woocommerce-image-align-center","12":"do-quantity-buttons","14":"first","15":"instock","16":"sale","17":"shipping-taxable","18":"purchasable","19":"product-type-simple"},"jetpack_sharing_enabled":true,"_links":{"self":[{"href":"https:\/\/en.peseschkian-stiftung.de\/de\/wp-json\/wp\/v2\/product\/3554"}],"collection":[{"href":"https:\/\/en.peseschkian-stiftung.de\/de\/wp-json\/wp\/v2\/product"}],"about":[{"href":"https:\/\/en.peseschkian-stiftung.de\/de\/wp-json\/wp\/v2\/types\/product"}],"replies":[{"embeddable":true,"href":"https:\/\/en.peseschkian-stiftung.de\/de\/wp-json\/wp\/v2\/comments?post=3554"}],"wp:featuredmedia":[{"embeddable":true,"href":"https:\/\/en.peseschkian-stiftung.de\/de\/wp-json\/wp\/v2\/media\/3555"}],"wp:attachment":[{"href":"https:\/\/en.peseschkian-stiftung.de\/de\/wp-json\/wp\/v2\/media?parent=3554"}],"wp:term":[{"taxonomy":"product_brand","embeddable":true,"href":"https:\/\/en.peseschkian-stiftung.de\/de\/wp-json\/wp\/v2\/product_brand?post=3554"},{"taxonomy":"product_cat","embeddable":true,"href":"https:\/\/en.peseschkian-stiftung.de\/de\/wp-json\/wp\/v2\/product_cat?post=3554"},{"taxonomy":"product_tag","embeddable":true,"href":"https:\/\/en.peseschkian-stiftung.de\/de\/wp-json\/wp\/v2\/product_tag?post=3554"}],"curies":[{"name":"wp","href":"https:\/\/api.w.org\/{rel}","templated":true}]}}