{"id":3551,"date":"2019-12-07T13:26:56","date_gmt":"2019-12-07T13:26:56","guid":{"rendered":"https:\/\/www.peseschkian-stiftung.de\/?post_type=product&amp;p=3551"},"modified":"2019-12-07T13:26:56","modified_gmt":"2019-12-07T13:26:56","slug":"lebensfreude-statt-stress","status":"publish","type":"product","link":"https:\/\/en.peseschkian-stiftung.de\/de\/produkt\/lebensfreude-statt-stress","title":{"rendered":"Lebensfreude statt Stress"},"content":{"rendered":"<p><strong>Prof. Nossrat Peseschkian &#8211; Dr. med. Nawid Peseschkian<\/strong><\/p>\n<p>Dieses Buch bietet die Chance, den negativen Kreislauf von Ersch\u00f6pfung und Stress zu durchbrechen und neue Kraft und Perspektiven zu gewinnen. Gestresste, die an klassischen Symptomen von allgemeiner Unruhe \u00fcber Schlafst\u00f6rungen bis zu Herzrhythmusst\u00f6rungen leiden, finden \u00fcber die Methode der &#8220;Positiven Psychotherapie&#8221; eine genaue Anleitung, was sie selbst tun k\u00f6nnen. Nachdem die pers\u00f6nlichen Stressfaktoren aufgesp\u00fcrt sind, f\u00fchrt das 4-Wochen-Programm garantiert zu neuer Lebensfreude.<\/p>\n<p>&nbsp;<\/p>\n<p>&nbsp;<\/p>","protected":false},"excerpt":{"rendered":"<p>&nbsp;<\/p>\n<p><b>Taschenbuch:<\/b> 160 Seiten<\/p>\n<p><b>Verlag:<\/b> TRIAS<\/p>\n<p><b>Sprache:<\/b> Deutsch<\/p>\n<p>&nbsp;<\/p>\n<p><b>ISBN-10:<\/b> 3830434995<\/p>\n<p><b>ISBN-13:<\/b> 978-3830434993<\/p>\n<p><b> Gr\u00f6\u00dfe und\/oder Gewicht: <\/b> 16,1 x 1,3 x 21,6 cm<\/p>\n<p>&nbsp;<\/p>\n<p>&nbsp;<\/p>\n<p>&nbsp;<\/p>","protected":false},"featured_media":3552,"comment_status":"closed","ping_status":"closed","template":"","meta":[],"product_brand":[],"product_cat":[39,41,40],"product_tag":[],"class_list":{"0":"post-3551","1":"product","2":"type-product","3":"status-publish","4":"has-post-thumbnail","6":"product_cat-deutsch","7":"product_cat-dr-med-nawid-peseschkian","8":"product_cat-prof-nossrat-peseschkian","9":"sales-flash-overlay","10":"woocommerce-text-align-center","11":"woocommerce-image-align-center","12":"do-quantity-buttons","14":"first","15":"instock","16":"sale","17":"shipping-taxable","18":"purchasable","19":"product-type-simple"},"jetpack_sharing_enabled":true,"_links":{"self":[{"href":"https:\/\/en.peseschkian-stiftung.de\/de\/wp-json\/wp\/v2\/product\/3551"}],"collection":[{"href":"https:\/\/en.peseschkian-stiftung.de\/de\/wp-json\/wp\/v2\/product"}],"about":[{"href":"https:\/\/en.peseschkian-stiftung.de\/de\/wp-json\/wp\/v2\/types\/product"}],"replies":[{"embeddable":true,"href":"https:\/\/en.peseschkian-stiftung.de\/de\/wp-json\/wp\/v2\/comments?post=3551"}],"wp:featuredmedia":[{"embeddable":true,"href":"https:\/\/en.peseschkian-stiftung.de\/de\/wp-json\/wp\/v2\/media\/3552"}],"wp:attachment":[{"href":"https:\/\/en.peseschkian-stiftung.de\/de\/wp-json\/wp\/v2\/media?parent=3551"}],"wp:term":[{"taxonomy":"product_brand","embeddable":true,"href":"https:\/\/en.peseschkian-stiftung.de\/de\/wp-json\/wp\/v2\/product_brand?post=3551"},{"taxonomy":"product_cat","embeddable":true,"href":"https:\/\/en.peseschkian-stiftung.de\/de\/wp-json\/wp\/v2\/product_cat?post=3551"},{"taxonomy":"product_tag","embeddable":true,"href":"https:\/\/en.peseschkian-stiftung.de\/de\/wp-json\/wp\/v2\/product_tag?post=3551"}],"curies":[{"name":"wp","href":"https:\/\/api.w.org\/{rel}","templated":true}]}}