{"id":3390,"date":"2019-11-16T20:00:30","date_gmt":"2019-11-16T20:00:30","guid":{"rendered":"http:\/\/peseschkian-stiftung.de\/?post_type=product&amp;p=3390"},"modified":"2019-11-16T20:00:30","modified_gmt":"2019-11-16T20:00:30","slug":"3390","status":"publish","type":"product","link":"https:\/\/en.peseschkian-stiftung.de\/de\/produkt\/3390","title":{"rendered":"Was haben Sie auf dem Herzen?"},"content":{"rendered":"<p><strong>Prof. Nossrat Peseschkian<\/strong><\/p>\n<p><em>Die seelische Bedeutung von Herz- und Kreislaufsymptomen verstehen<\/em><\/p>\n<p>Herzrhythmusst\u00f6rungen, hoher Blutdruck oder gar Herzinfarkt: Sie haben eine Diagnose &#8211; aber wissen Sie, woran Ihr Herz wirklich leidet? Erfahren Sie wie Stress, Depression und \u00c4rger unserem Herzen schaden &#8211; und wie Sie unn\u00f6tige Belastungen erkennen und endlich absch\u00fctteln.<\/p>\n<p>&nbsp;<\/p>","protected":false},"excerpt":{"rendered":"<p>&nbsp;<\/p>\n<p><b>Taschenbuch:<\/b> 208 Seiten<\/p>\n<p><b>Verlag:<\/b> TRIAS; Auflage: 1 (15. Juni 2005)<\/p>\n<p><b>Sprache:<\/b> Deutsch<\/p>\n<p><b>ISBN-10:<\/b> 3830431007<\/p>\n<p><b>ISBN-13:<\/b> 978-3830431008<\/p>\n<p><b> Gr\u00f6\u00dfe und\/oder Gewicht: <\/b> 16,1 x 1,2 x 21,7 cm<\/p>\n<p>&nbsp;<\/p>","protected":false},"featured_media":3391,"comment_status":"closed","ping_status":"closed","template":"","meta":[],"product_brand":[],"product_cat":[39,40],"product_tag":[],"class_list":{"0":"post-3390","1":"product","2":"type-product","3":"status-publish","4":"has-post-thumbnail","6":"product_cat-deutsch","7":"product_cat-prof-nossrat-peseschkian","8":"sales-flash-overlay","9":"woocommerce-text-align-center","10":"woocommerce-image-align-center","11":"do-quantity-buttons","13":"first","14":"instock","15":"sale","16":"shipping-taxable","17":"purchasable","18":"product-type-simple"},"jetpack_sharing_enabled":true,"_links":{"self":[{"href":"https:\/\/en.peseschkian-stiftung.de\/de\/wp-json\/wp\/v2\/product\/3390"}],"collection":[{"href":"https:\/\/en.peseschkian-stiftung.de\/de\/wp-json\/wp\/v2\/product"}],"about":[{"href":"https:\/\/en.peseschkian-stiftung.de\/de\/wp-json\/wp\/v2\/types\/product"}],"replies":[{"embeddable":true,"href":"https:\/\/en.peseschkian-stiftung.de\/de\/wp-json\/wp\/v2\/comments?post=3390"}],"wp:featuredmedia":[{"embeddable":true,"href":"https:\/\/en.peseschkian-stiftung.de\/de\/wp-json\/wp\/v2\/media\/3391"}],"wp:attachment":[{"href":"https:\/\/en.peseschkian-stiftung.de\/de\/wp-json\/wp\/v2\/media?parent=3390"}],"wp:term":[{"taxonomy":"product_brand","embeddable":true,"href":"https:\/\/en.peseschkian-stiftung.de\/de\/wp-json\/wp\/v2\/product_brand?post=3390"},{"taxonomy":"product_cat","embeddable":true,"href":"https:\/\/en.peseschkian-stiftung.de\/de\/wp-json\/wp\/v2\/product_cat?post=3390"},{"taxonomy":"product_tag","embeddable":true,"href":"https:\/\/en.peseschkian-stiftung.de\/de\/wp-json\/wp\/v2\/product_tag?post=3390"}],"curies":[{"name":"wp","href":"https:\/\/api.w.org\/{rel}","templated":true}]}}