{"id":3383,"date":"2019-11-16T18:52:06","date_gmt":"2019-11-16T18:52:06","guid":{"rendered":"http:\/\/peseschkian-stiftung.de\/?post_type=product&amp;p=3383"},"modified":"2019-11-16T18:52:06","modified_gmt":"2019-11-16T18:52:06","slug":"familientherapie","status":"publish","type":"product","link":"https:\/\/en.peseschkian-stiftung.de\/de\/produkt\/familientherapie","title":{"rendered":"Familientherapie &#8211; Gratis Versand"},"content":{"rendered":"<p><strong>Prof. Nossrat Peseschkian<\/strong><\/p>\n<p>In den letzten Jahren stieg die Anzahl der Familientherapien stetig an. Immer mehr Menschen suchen Rat und Hilfe wegen innere famili\u00e4rer Konflikte oder wegen psychischer St\u00f6rungen, die nur im Familiengef\u00fcge gel\u00f6st werden k\u00f6nnen. Prof. Nossrat Peseschkian ist Begr\u00fcnder der positiven Familien- und Psychotherapie, hat zahlreiche B\u00fccher ver\u00f6ffentlicht und erkl\u00e4rt hier f\u00fcr jeden verst\u00e4ndlich und anhand vieler Beispiele, wann eine Familientherapie sinnvoll ist.<\/p>","protected":false},"excerpt":{"rendered":"<p><b>Broschiert:<\/b>\u00a0120 Seiten<\/p>\n<p><b>Verlag:<\/b> Kreuz Verlag<\/p>\n<p><b>Sprache:<\/b>\u00a0Deutsch<\/p>\n<p><b>ISBN-10:<\/b>\u00a0378312512X<\/p>\n<p><b>ISBN-13:<\/b>\u00a0978-3783125122<\/p>\n<p><b>Gr\u00f6\u00dfe und\/oder Gewicht:\u00a0<\/b>13,4 x 1,7 x 21,7 cm<\/p>","protected":false},"featured_media":3386,"comment_status":"closed","ping_status":"closed","template":"","meta":[],"product_brand":[],"product_cat":[39,40],"product_tag":[],"class_list":{"0":"post-3383","1":"product","2":"type-product","3":"status-publish","4":"has-post-thumbnail","6":"product_cat-deutsch","7":"product_cat-prof-nossrat-peseschkian","8":"sales-flash-overlay","9":"woocommerce-text-align-center","10":"woocommerce-image-align-center","11":"do-quantity-buttons","13":"first","14":"instock","15":"sale","16":"shipping-taxable","17":"purchasable","18":"product-type-simple"},"jetpack_sharing_enabled":true,"_links":{"self":[{"href":"https:\/\/en.peseschkian-stiftung.de\/de\/wp-json\/wp\/v2\/product\/3383"}],"collection":[{"href":"https:\/\/en.peseschkian-stiftung.de\/de\/wp-json\/wp\/v2\/product"}],"about":[{"href":"https:\/\/en.peseschkian-stiftung.de\/de\/wp-json\/wp\/v2\/types\/product"}],"replies":[{"embeddable":true,"href":"https:\/\/en.peseschkian-stiftung.de\/de\/wp-json\/wp\/v2\/comments?post=3383"}],"wp:featuredmedia":[{"embeddable":true,"href":"https:\/\/en.peseschkian-stiftung.de\/de\/wp-json\/wp\/v2\/media\/3386"}],"wp:attachment":[{"href":"https:\/\/en.peseschkian-stiftung.de\/de\/wp-json\/wp\/v2\/media?parent=3383"}],"wp:term":[{"taxonomy":"product_brand","embeddable":true,"href":"https:\/\/en.peseschkian-stiftung.de\/de\/wp-json\/wp\/v2\/product_brand?post=3383"},{"taxonomy":"product_cat","embeddable":true,"href":"https:\/\/en.peseschkian-stiftung.de\/de\/wp-json\/wp\/v2\/product_cat?post=3383"},{"taxonomy":"product_tag","embeddable":true,"href":"https:\/\/en.peseschkian-stiftung.de\/de\/wp-json\/wp\/v2\/product_tag?post=3383"}],"curies":[{"name":"wp","href":"https:\/\/api.w.org\/{rel}","templated":true}]}}