{"id":19455,"date":"2023-07-06T13:01:00","date_gmt":"2023-07-06T13:01:00","guid":{"rendered":"https:\/\/en.peseschkian-stiftung.de\/?page_id=19455"},"modified":"2023-07-06T13:11:14","modified_gmt":"2023-07-06T13:11:14","slug":"privacy","status":"publish","type":"page","link":"https:\/\/en.peseschkian-stiftung.de\/de\/privacy","title":{"rendered":"DATENSCHUTZERKL\u00c4RUNG"},"content":{"rendered":"<div class=\"wp-block-group\"><div class=\"wp-block-group__inner-container is-layout-constrained wp-block-group-is-layout-constrained\"><h2 class=\"wp-block-heading has-text-align-center\">DATENSCHUTZERKL\u00c4RUNG<\/h2>\n\n<h5 class=\"wp-block-heading\"><strong>Inhaltliche Verantwortung<\/strong><\/h5>\n\n<p>Prof Peseschkian-Stiftung<br>Langgasse 38-40, 65183 Wiesbaden<br>stiftung@peseschkian.org<br>tel: <a href=\"tel: +49 179 3985412\">+49 179 3985412<\/a><\/p>\n\n<p><\/p>\n\n<h5 class=\"wp-block-heading\"><strong>Haftungshinweis<\/strong><\/h5>\n\n<p>Trotz sorgf\u00e4ltiger inhaltlicher Kontrolle \u00fcbernehmen wir keine Haftung f\u00fcr die Inhalte externer Links. F\u00fcr den Inhalt der verlinkten Seiten sind ausschlie\u00dflich deren Betreiber verantwortlich.<\/p>\n\n<p><strong>Ihre personenbezogenen Daten werden nicht an Dritte weitergegeben.<\/strong><\/p>\n\n<h6 class=\"wp-block-heading\"><strong>DATENSCHUTZERKL\u00c4RUNG<\/strong><\/h6>\n\n<p>Wir, Prof. Peseschkian Stiftung, nehmen den Schutz Ihrer pers\u00f6nlichen Daten sehr ernst und behandeln diese entsprechend der gesetzlichen Datenschutzvorschriften.<\/p>\n\n<p>Die nachfolgende Erkl\u00e4rung gibt Ihnen einen \u00dcberblick dar\u00fcber, wie wir diesen Schutz gew\u00e4hrleisten und welche Art von Daten zu welchem Zweck erhoben werden.<\/p>\n\n<p><strong>Verantwortlichkeit f\u00fcr die Datenverarbeitung&nbsp;<\/strong><\/p>\n\n<p>Prof Peseschkian-Stiftung<\/p>\n\n<p>Langgasse 38-40, 65183 Wiesbaden<br>stiftung@peseschkian.org, <br>Tel. <a href=\"tel: +49 179 3985412\">+49 179 3985412<\/a><\/p>\n\n<p><strong>Erfassung pers\u00f6nlicher Daten<\/strong><\/p>\n\n<p>Im Rahmen der Kontaktaufnahme mit uns werden personenbezogene Daten wie Ihr Name, Ihre Anschrift, Telefonnummer oder E-Mail-Adresse nur im technisch notwendigen Umfang erhoben. Diese Daten werden ausschlie\u00dflich zum Zweck der Beantwortung Ihres Anliegens bzw. f\u00fcr die Kontaktaufnahme und die damit verbundene technische Administration gespeichert und verwendet. Zudem werden diese Daten streng vertraulich behandelt und ohne ihre Zustimmung nicht an Dritte weitergegeben. Die Verarbeitung der von Ihnen im Kontaktformular angegebenen Daten, erfolgt somit nur mit Ihrer Einwilligung (Art.6 Abs.1 a) DSGVO). Ihre Daten werden gel\u00f6scht, falls keine gesetzliche Aufbewahrungspflicht besteht und die Speicherung nicht mehr erforderlich ist.<\/p>\n\n<p><strong>Ihre Rechte<\/strong><\/p>\n\n<p>Sie haben uns gegen\u00fcber jederzeit die folgenden Recht bez\u00fcglich Ihrer personenbezogenen Daten:<\/p>\n\n<p>Recht auf Auskunft (Art. 15 DSGVO)<\/p>\n\n<p>Recht auf Berichtigung oder L\u00f6schung (Art. 16; 17 DSGVO)<\/p>\n\n<p>Recht auf Einschr\u00e4nkung der Verarbeitung (Art. 18 DSGVO)<\/p>\n\n<p>Recht auf Daten\u00fcbertragbarkeit (Art. 20 DSGVO)<\/p>\n\n<p>Recht auf Widerspruch gegen die Verarbeitung (Art. 21 DSGVO; siehe Punkt 7)<\/p>\n\n<p>Ihre Rechte k\u00f6nnen Sie jederzeit gegen\u00fcber uns bei unserem Datenschutzbeauftragten geltend machen (Kontaktdaten siehe Punkt 1).<\/p>\n\n<p>Au\u00dferdem haben Sie gem\u00e4\u00df Art. 77 DSGVO das Recht, sich bei einer Aufsichtsbeh\u00f6rde zu beschweren. Die zust\u00e4ndige Aufsichtsbeh\u00f6rde ist Der Hessische Datenschutzbeauftragte, Gustav-Stresemann-Ring 1, 65189 Wiesbaden.<\/p>\n\n<p><strong>Server Log Files<\/strong><\/p>\n\n<p>Diese Website erhebt und speichert automatisch in ihren Server Log Files Informationen, die Ihr Browser an uns \u00fcbermittelt. Diese sind:<\/p>\n\n<p>Browsertyp\/-version<\/p>\n\n<p>Verwendetes Betriebssystem<\/p>\n\n<p>Referrer URL (die zuvor besuchte Seite)<\/p>\n\n<p>Hostname des zugreifenden Rechners (IP Adresse)<\/p>\n\n<p>Uhrzeit der Serveranfrage<\/p>\n\n<p>Diese Daten sind nicht bestimmten Personen zuordenbar. Eine Zusammenf\u00fchrung dieser Daten mit anderen Datenquellen wird nicht vorgenommen. Die erhobenen Daten werden nach statistischen Auswertungen gel\u00f6scht.<\/p>\n\n<p><strong>Cookies<\/strong><\/p>\n\n<p>Die Internetseiten verwenden an mehreren Stellen so genannte Cookies. Sie dienen dazu, unser Angebot nutzerfreundlicher, effektiver und sicherer zu machen. Cookies sind kleine Textdateien, die auf Ihrem Rechner abgelegt werden und die Ihr Browser speichert. Die meisten der von uns verwendeten Cookies sind so genannte \u201eSession-Cookies\u201c. Sie werden nach Ende Ihres Besuchs automatisch gel\u00f6scht. Cookies richten auf Ihrem Rechner keinen Schaden an und enthalten keine Viren.<\/p>\n\n<p><strong>&nbsp;Cookies Dritter<\/strong><br>Auf der Website k\u00f6nnen auch Cookie von Drittanbietern verwendet werden, um Informationen von unserer Webseite und anderen Stellen im Internet zu erfassen oder zu erhalten und diese Informationen dann zu nutzen, um bspw. Webtracking-Dienste, Bewertungsdienste oder auf Zielgruppen ausgerichtete Werbeanzeigen anzubieten.<br>Im Rahmen der Nutzung von Cookies werden Ihre personenbezogenen Daten so lange gespeichert, wie es n\u00f6tig ist, um die oben beschriebenen Zwecke zu erreichen.<br>Die Bereitstellung dieser personenbezogenen Daten ist nicht gesetzlich oder vertraglich vorgeschrieben oder f\u00fcr einen Vertragsabschluss erforderlich. Wenn Sie den Dritten diese Daten nicht zur Verf\u00fcgung stellen, k\u00f6nnen diese die oben genannten Zwecke nicht erreichen.<\/p>\n\n<p>Unter \u201eCookie &amp; Privacy Policy\u201c k\u00f6nnen Sie auf unserer Website der Setzung von Cookies zustimmen oder diese ausschlie\u00dfen. Ihre Einstellungen k\u00f6nnen Sie jederzeit \u00e4ndern.<br>Wenn Sie die Speicherung von Cookies ablehnen, kann es jedoch sein, dass Sie bestimmte Services auf unserer Website nicht nutzen k\u00f6nnen.<br>Cookies, die zur technisch notwendigen Durchf\u00fchrung von Funktionen auf unserer Website sowie ihrem einwandfreien Funktionieren n\u00f6tig sind, werden automatisch gespeichert. Rechtsgrundlage hierf\u00fcr ist Art. 6 Abs. 1 f) DSGVO.<\/p>\n\n<p><strong>Registrierung auf unserer Website<\/strong><\/p>\n\n<p>Ihre im Rahmen der Registrierung erhobene personenbezogene Daten speichern wir jeweils so lange, wie es f\u00fcr die Erf\u00fcllung des Vertragsverh\u00e4ltnisses (ggf. einschlie\u00dflich der Bereitstellung des Kundenkontos) und\/oder zur Durchf\u00fchrung auf Ihre Anfrage hin erfolgender vorvertraglicher Ma\u00dfnahmen und\/oder im Hinblick auf Gew\u00e4hrleistungs-, Garantie- oder vergleichbare Verpflichtungen und\/oder oder im Hinblick auf gesetzliche Aufbewahrungsfristen erforderlich ist.<\/p>\n\n<p>Rechtsgrundlagen f\u00fcr die Verarbeitung Ihrer im Rahmen der Registrierung erhobenen personenbezogenen Daten sind Art. 6 Abs. 1 b) und Art. 6 Abs. 1 c) DSGVO.<\/p>\n\n<p>Die Bereitstellung dieser personenbezogenen Daten ist nicht gesetzlich oder vertraglich vorgeschrieben. Sie ist aber f\u00fcr den Vertragsabschluss, also die Durchf\u00fchrung der Registrierung erforderlich, soweit die betreffenden Angaben in unserem Registrierungsablauf zwingend (statt nur freiwillig) vorzunehmen sind.<\/p>\n\n<p><strong>Sicherheit und Schutz<\/strong><\/p>\n\n<p>Aus Sicherheitsgr\u00fcnden und zum Schutz der \u00dcbertragung personenbezogene Daten und anderer vertraulicher Inhalte (z.B. Veranstaltungen, Kurs-Anfragen, etc.) nutzt diese Website sowie die E-Mail-Kommunikation eine SSL- bzw. TLS-Verschl\u00fcsselung. Wir weisen dennoch darauf hin, dass die Daten\u00fcbertragung im Internet Sicherheitsl\u00fccken aufweisen kann, wodurch ein l\u00fcckenloser Schutz der Daten vor dem Zugriff durch Dritte nicht m\u00f6glich ist.<\/p>\n\n<p><strong>Widerspruch gegen die Verarbeitung Ihrer Daten<\/strong><\/p>\n\n<p>Sie haben jederzeit das Recht der Verarbeitung Ihrer personenbezogenen Daten zu widersprechen. Ihr Widerspruch beeinflusst die Zul\u00e4ssigkeit der Datenverarbeitung nachdem Sie diesen geltend gemacht haben. Nachdem Sie Widerspruch eingelegt habe, findet eine Interessenabw\u00e4gung zwischen Ihrem und unserem Interesse statt. Wir werden die Verarbeitung Ihrer Personenbezogenen Daten unterbinden, sollten wir keine zwingend schutzw\u00fcrdigen Gr\u00fcnde f\u00fcr die Verarbeitung nachweisen k\u00f6nnen oder sollte die Verarbeitung nicht der Geltendmachung, Aus\u00fcbung oder Verteidigung von Rechtsanspr\u00fcchen dienen.<br>Einer Verarbeitung Ihrer Daten f\u00fcr statistische Zwecke oder Zwecke der Direktwerbung k\u00f6nnen Sie jederzeit widersprechen.<\/p>\n\n<h3 class=\"wp-block-heading\"><strong>Bildrechte<\/strong><\/h3>\n\n<p>Content-Artikel-Bilder:<\/p>\n\n<h3 class=\"wp-block-heading\">&nbsp;<\/h3>\n\n<p><strong><br>Weitere Informationen<\/strong><\/p>\n\n<p>Ihr Vertrauen ist uns wichtig. Daher m\u00f6chten wir Ihnen jederzeit Rede und Antwort bez\u00fcglich der Verarbeitung Ihrer personenbezogenen Daten stehen. Wenn Sie Fragen haben, die Ihnen diese Datenschutzerkl\u00e4rung nicht beantworten konnte oder wenn Sie zu einem Punkt vertiefte Informationen w\u00fcnschen, wenden Sie sich bitte jederzeit an uns.<\/p><\/div><\/div>","protected":false},"excerpt":{"rendered":"","protected":false},"author":2,"featured_media":0,"parent":0,"menu_order":0,"comment_status":"closed","ping_status":"closed","template":"","meta":{"footnotes":""},"class_list":["post-19455","page","type-page","status-publish"],"jetpack_sharing_enabled":true,"_links":{"self":[{"href":"https:\/\/en.peseschkian-stiftung.de\/de\/wp-json\/wp\/v2\/pages\/19455"}],"collection":[{"href":"https:\/\/en.peseschkian-stiftung.de\/de\/wp-json\/wp\/v2\/pages"}],"about":[{"href":"https:\/\/en.peseschkian-stiftung.de\/de\/wp-json\/wp\/v2\/types\/page"}],"author":[{"embeddable":true,"href":"https:\/\/en.peseschkian-stiftung.de\/de\/wp-json\/wp\/v2\/users\/2"}],"replies":[{"embeddable":true,"href":"https:\/\/en.peseschkian-stiftung.de\/de\/wp-json\/wp\/v2\/comments?post=19455"}],"version-history":[{"count":5,"href":"https:\/\/en.peseschkian-stiftung.de\/de\/wp-json\/wp\/v2\/pages\/19455\/revisions"}],"predecessor-version":[{"id":19463,"href":"https:\/\/en.peseschkian-stiftung.de\/de\/wp-json\/wp\/v2\/pages\/19455\/revisions\/19463"}],"wp:attachment":[{"href":"https:\/\/en.peseschkian-stiftung.de\/de\/wp-json\/wp\/v2\/media?parent=19455"}],"curies":[{"name":"wp","href":"https:\/\/api.w.org\/{rel}","templated":true}]}}