{"id":19379,"date":"2023-05-24T09:51:12","date_gmt":"2023-05-24T09:51:12","guid":{"rendered":"https:\/\/en.peseschkian-stiftung.de\/?page_id=19379"},"modified":"2023-05-24T10:00:26","modified_gmt":"2023-05-24T10:00:26","slug":"glossary-of-positive-psychotherapy","status":"publish","type":"page","link":"https:\/\/en.peseschkian-stiftung.de\/de\/glossary-of-positive-psychotherapy","title":{"rendered":"Glossar der Positive Psychotherapie"},"content":{"rendered":"<h1 class=\"wp-block-heading has-text-align-center\">Glossar der Positive Psychotherapie<\/h1><div class=\"wp-block-columns is-layout-flex wp-container-core-columns-is-layout-1 wp-block-columns-is-layout-flex\"><div class=\"wp-block-column is-layout-flow wp-block-column-is-layout-flow\"><h4 class=\"wp-block-heading has-text-align-right translation-block\">Albanisch\nBulgarisch\nChinesisch\nTschechisch\nNiederl\u00e4ndisch\nFarsi\nFinnisch\nFranz\u00f6sisch\nGeorgisch\nDeutsch<\/h4><\/div>\n\n<div class=\"wp-block-column is-layout-flow wp-block-column-is-layout-flow\"><h4 class=\"wp-block-heading has-text-align-left translation-block\">Ungarisch\nItalienisch\nLettisch\nMazedonisch\nPolnisch\nPortugiesisch\nRussisch\nSerbisch\nSpanisch\nT\u00fcrkisch<\/h4><\/div><\/div><div class=\"gb-container gb-container-d84ec52b\"><div class=\"gb-inside-container\"><h4 class=\"wp-block-heading\"><strong>Eine L\u00fccke wird geschlossen: Endlich gibt es ein Lexikon zur Positiven Psychotherapie<\/strong><\/h4>\n\n<p><\/p>\n\n<p>Etwa 150 Begriffe der inzwischen weltweit etablierten Positiven Psychotherapie werden vom Begr\u00fcnder \u2013 Nossrat Peseschkian \u2013 und von Anas Aziz, seinem langj\u00e4hrigen Mitarbeiter, erl\u00e4utert. Dabei greift das Lexikon \u00fcber die streng psychischen und psychiatrischen Termini hinaus und bezieht auch therapeutische, erzieherische und weltanschauliche Aspekte und Theorien mit ein.<\/p>\n\n<p>(Lexikon der Positiven Psychotherapie.&nbsp;Fischer Verlag)<\/p>\n\n<p>Dank der Zusammenarbeit eines globalen Netzwerkes von Zentren der Positiven Psychotherapie und weiteren Unterst\u00fctzern der Methode k\u00f6nnen wir den Aufbau und die Entwicklung der Positiven Psychotherapie in vielen L\u00e4ndern erleben. Mitarbeiter der Zentren und Dozenten sind bei dieser Entwicklung von gro\u00dfer Hilfe und haben nun auch bei einem internationalen Projekt der Stiftung mitgewirkt: Das Lexikon der Positiven Psychotherapie, eines der letzten Werke von Nossrat Peseschkian, das in Zusammenarbeit mit Anas Aziz entstanden ist, enth\u00e4lt ein wertvolles Glossar mit Termini der Positiven Psychotherapie in deutscher und englischer Sprache. Dieses Glossar wurde zwischenzeitlich von einigen Dozenten in ihre jeweilige Muttersprache \u00fcbersetzt. Ziel der Stiftung ist es, das Glossar in m\u00f6glichst vielen Sprachen zur Verf\u00fcgung stellen zu k\u00f6nnen. Bei dieser Gelegenheit m\u00f6chten wir uns bei allen bedanken, die einen Beitrag zum internationalen Glossar geleistet haben und leisten werden.<\/p><\/div><\/div>","protected":false},"excerpt":{"rendered":"","protected":false},"author":2,"featured_media":0,"parent":0,"menu_order":0,"comment_status":"closed","ping_status":"closed","template":"","meta":{"footnotes":""},"class_list":["post-19379","page","type-page","status-publish"],"jetpack_sharing_enabled":true,"_links":{"self":[{"href":"https:\/\/en.peseschkian-stiftung.de\/de\/wp-json\/wp\/v2\/pages\/19379"}],"collection":[{"href":"https:\/\/en.peseschkian-stiftung.de\/de\/wp-json\/wp\/v2\/pages"}],"about":[{"href":"https:\/\/en.peseschkian-stiftung.de\/de\/wp-json\/wp\/v2\/types\/page"}],"author":[{"embeddable":true,"href":"https:\/\/en.peseschkian-stiftung.de\/de\/wp-json\/wp\/v2\/users\/2"}],"replies":[{"embeddable":true,"href":"https:\/\/en.peseschkian-stiftung.de\/de\/wp-json\/wp\/v2\/comments?post=19379"}],"version-history":[{"count":6,"href":"https:\/\/en.peseschkian-stiftung.de\/de\/wp-json\/wp\/v2\/pages\/19379\/revisions"}],"predecessor-version":[{"id":19387,"href":"https:\/\/en.peseschkian-stiftung.de\/de\/wp-json\/wp\/v2\/pages\/19379\/revisions\/19387"}],"wp:attachment":[{"href":"https:\/\/en.peseschkian-stiftung.de\/de\/wp-json\/wp\/v2\/media?parent=19379"}],"curies":[{"name":"wp","href":"https:\/\/api.w.org\/{rel}","templated":true}]}}