{"id":19199,"date":"2021-10-17T17:34:01","date_gmt":"2021-10-17T17:34:01","guid":{"rendered":"https:\/\/peseschkian-foundation.org\/?page_id=19199"},"modified":"2023-04-27T09:14:55","modified_gmt":"2023-04-27T09:14:55","slug":"teacher-training-2","status":"publish","type":"page","link":"https:\/\/en.peseschkian-stiftung.de\/de\/teacher-training-2","title":{"rendered":"Zielgruppe"},"content":{"rendered":"<div style=\"height:100px\" aria-hidden=\"true\" class=\"wp-block-spacer\"><\/div><div class=\"gb-container gb-container-3ff2d3c6\"><div class=\"gb-inside-container\"><div class=\"wp-block-media-text alignwide is-stacked-on-mobile\" style=\"grid-template-columns:51% auto\"><figure class=\"wp-block-media-text__media\"><img loading=\"lazy\" decoding=\"async\" width=\"848\" height=\"565\" src=\"https:\/\/peseschkian-foundation.org\/wp-content\/uploads\/2020\/12\/37040102_s.jpg\" alt=\"\" class=\"wp-image-18919 size-full\" srcset=\"https:\/\/en.peseschkian-stiftung.de\/wp-content\/uploads\/2020\/12\/37040102_s.jpg 848w, https:\/\/en.peseschkian-stiftung.de\/wp-content\/uploads\/2020\/12\/37040102_s-600x400.jpg 600w, https:\/\/en.peseschkian-stiftung.de\/wp-content\/uploads\/2020\/12\/37040102_s-300x200.jpg 300w, https:\/\/en.peseschkian-stiftung.de\/wp-content\/uploads\/2020\/12\/37040102_s-768x512.jpg 768w, https:\/\/en.peseschkian-stiftung.de\/wp-content\/uploads\/2020\/12\/37040102_s-16x12.jpg 16w\" sizes=\"(max-width: 848px) 100vw, 848px\" \/><\/figure><div class=\"wp-block-media-text__content\"><h1 class=\"wp-block-heading\">Zielgruppe<\/h1>\n\n<p><br>Zielgruppe<\/p>\n\n<p>Die Fortbildung nach dem Konzept der Positiven und Transkulturellen Pa\u0308dagogik richtet sich an Schulleiterinnen und Schulleiter, Lehrerinnen und Lehrer sowie Referendarinnen und Referendare aller Schulformen in Hessen.<\/p>\n\n<p>Methode<\/p>\n\n<p>Interaktive Seminare mit Kurzreferaten, praktische U\u0308bungen, Selbsterfahrung und \u2013 reflexion, Rollenspiele, Kleingruppenarbeit, Fallbeispiele, Einsatz von Geschichten und Weisheiten.<\/p>\n\n<p>Ziele<\/p>\n\n<p>Schaffung eines wertsch\u00e4tzenden, konstruktiven Schulklimas und damit die F\u00f6rderung seelischer Gesundheit von Lehrern, Sch\u00fclern und Eltern. Nach dem Konzept der Positiven P\u00e4dagogik werden Kenntnisse zur St\u00e4rkung der eigenen \u2013 vor allem auch psychischen \u2013 Gesundheit vermittelt. F\u00fcr die t\u00e4glichen schulischen Kommunikationsbereiche (wie Unterricht, Beratung, kollegialer Austausch) wird die psychosoziale Beziehungskompetenz nachhaltig geschult. Unter anderem geht es um die Vermittlung von bew\u00e4hrten Coping-Strategien zur besseren, d.h. entlastenden Bew\u00e4ltigung der vielf\u00e4ltigen Aufgaben an Schulen. Unterst\u00fctzung und Qualifizierung der Lehrerinnen und Lehrer in Hinsicht auf interkulturelle Kommunikation.<\/p><\/div><\/div>\n\n<p><strong>Aktuell wird der Kurs nicht angeboten. Es ist jedoch in Planung, diesen wieder im Programm aufzunehmen.<\/strong><\/p>\n\n<p>Dozenten<br>Die Fortbildung wird von erfahrenen Dozenten (Diplom-Psychologen und Diplom-Pa\u0308dagogen) durchgefu\u0308hrt, die auch internationale Trainer der Positiven und Transkulturellen Psychotherapie sowie Psychotherapeuten sind.<\/p>\n\n<p>Aufbau der Weiterbildung<br>Die Fortbildung umfasst sechs Module a\u0300 1,5 Tage, die jeweils freitags von 14.00 bis 18.00 Uhr und samstags von 9.00 bis 16.30 Uhr stattfinden.<\/p>\n\n<p>Kosten<br> Die Teilnahmegebu\u0308hr bela\u0308uft sich auf 350 \u20ac.<\/p>\n\n<div class=\"wp-block-buttons is-content-justification-center is-layout-flex wp-block-buttons-is-layout-flex\"><div class=\"wp-block-button\"><a class=\"wp-block-button__link has-background\" href=\"https:\/\/en.peseschkian-stiftung.de\/de\/events\" style=\"background-color:#c10036\">Termine<\/a><\/div>\n\n<div class=\"wp-block-button\"><a class=\"wp-block-button__link has-background\" href=\"https:\/\/peseschkian-foundation.org\/sign-up\" style=\"background-color:#c10036\">Anmeldung<\/a><\/div><\/div><\/div><\/div>","protected":false},"excerpt":{"rendered":"","protected":false},"author":2,"featured_media":0,"parent":0,"menu_order":0,"comment_status":"closed","ping_status":"closed","template":"","meta":{"footnotes":""},"class_list":["post-19199","page","type-page","status-publish"],"jetpack_sharing_enabled":true,"_links":{"self":[{"href":"https:\/\/en.peseschkian-stiftung.de\/de\/wp-json\/wp\/v2\/pages\/19199"}],"collection":[{"href":"https:\/\/en.peseschkian-stiftung.de\/de\/wp-json\/wp\/v2\/pages"}],"about":[{"href":"https:\/\/en.peseschkian-stiftung.de\/de\/wp-json\/wp\/v2\/types\/page"}],"author":[{"embeddable":true,"href":"https:\/\/en.peseschkian-stiftung.de\/de\/wp-json\/wp\/v2\/users\/2"}],"replies":[{"embeddable":true,"href":"https:\/\/en.peseschkian-stiftung.de\/de\/wp-json\/wp\/v2\/comments?post=19199"}],"version-history":[{"count":9,"href":"https:\/\/en.peseschkian-stiftung.de\/de\/wp-json\/wp\/v2\/pages\/19199\/revisions"}],"predecessor-version":[{"id":19365,"href":"https:\/\/en.peseschkian-stiftung.de\/de\/wp-json\/wp\/v2\/pages\/19199\/revisions\/19365"}],"wp:attachment":[{"href":"https:\/\/en.peseschkian-stiftung.de\/de\/wp-json\/wp\/v2\/media?parent=19199"}],"curies":[{"name":"wp","href":"https:\/\/api.w.org\/{rel}","templated":true}]}}