{"id":19196,"date":"2021-10-17T17:24:29","date_gmt":"2021-10-17T17:24:29","guid":{"rendered":"https:\/\/peseschkian-foundation.org\/?page_id=19196"},"modified":"2025-08-08T21:40:27","modified_gmt":"2025-08-08T21:40:27","slug":"consultant-life-coach-courses","status":"publish","type":"page","link":"https:\/\/en.peseschkian-stiftung.de\/de\/consultant-life-coach-courses","title":{"rendered":"Weiterbildung zum Berater und Life-Coach"},"content":{"rendered":"<div class=\"wp-block-media-text alignwide is-stacked-on-mobile\" style=\"grid-template-columns:43% auto\"><figure class=\"wp-block-media-text__media\"><img loading=\"lazy\" decoding=\"async\" width=\"527\" height=\"340\" src=\"https:\/\/peseschkian-foundation.org\/wp-content\/uploads\/2021\/10\/hands-1.jpg\" alt=\"\" class=\"wp-image-19197 size-full\" srcset=\"https:\/\/en.peseschkian-stiftung.de\/wp-content\/uploads\/2021\/10\/hands-1.jpg 527w, https:\/\/en.peseschkian-stiftung.de\/wp-content\/uploads\/2021\/10\/hands-1-300x194.jpg 300w, https:\/\/en.peseschkian-stiftung.de\/wp-content\/uploads\/2021\/10\/hands-1-16x10.jpg 16w\" sizes=\"(max-width: 527px) 100vw, 527px\" \/><\/figure><div class=\"wp-block-media-text__content\"><h2 class=\"wp-block-heading has-text-align-center\">Weiterbildung zum Berater und Life-Coach<\/h2>\n\n<p>Werden Sie Berater und Life-Coach! So investieren Sie in Ihre Zukunft.<br>In der heutigen Berufswelt sind soziale F\u00e4higkeiten wichtig. Sie helfen im Beruf und im Privatleben. Nutzen Sie die Chance und werden Sie Berater und Life-Coach. Unsere Weiterbildung basiert auf der Positiven Psychotherapie.<\/p>\n\n<p>Warum diese Weiterbildung?<br>Werden Sie noch besser: Lernen Sie, Menschen zu helfen und sie auf ihrem Weg zu mehr Wohlbefinden zu begleiten.<br>Pers\u00f6nliche Entwicklung: Finden Sie heraus, was Sie gut k\u00f6nnen und wie Sie es nutzen k\u00f6nnen.<br>Sie verbessern Ihre Karrierechancen: Sie k\u00f6nnen sich f\u00fcr neue Jobs qualifizieren und sich durch Wissen \u00fcber psychosoziale Themen von anderen abheben.<br>Unsere Dozenten sind erfahren. Unsere Trainer sind Experten auf ihrem Gebiet, darunter \u00c4rzte, Diplom-Psychologen und Psychotherapeuten mit viel Erfahrung.<\/p>\n\n<p>Die Methode: Positive Psychotherapie nach Prof. Dr. Nossrat Peseschkian<br>Unsere Weiterbildung basiert auf der bew\u00e4hrten Kurzzeitmethode der Positiven Psychotherapie. Dieser Ansatz hilft jedem, seine F\u00e4higkeiten und Potenziale zu entdecken und zu nutzen. Theorie und Praxis werden in den Modulen gut miteinander verbunden, sodass Sie das Gelernte direkt anwenden k\u00f6nnen.<br>Sie lernen, wie Sie sich und andere langfristig ver\u00e4ndern k\u00f6nnen.<br>Wir ber\u00fccksichtigen die kulturelle Vielfalt. Lernen Sie, mit Menschen aus anderen Kulturen gut umzugehen.<br>F\u00fcr wen ist die Weiterbildung geeignet?<br>Diese Weiterbildung ist f\u00fcr alle Berufsgruppen, die ihre psychosozialen Kompetenzen erweitern m\u00f6chten.<br><\/p>\n\n<p><br>Diese Weiterbildung ist f\u00fcr Fachleute aus dem psychosozialen und medizinischen Bereich, f\u00fcr Erzieher und P\u00e4dagogen, f\u00fcr Mitarbeiter von Kinder-, Familien- und Seniorenzentren, f\u00fcr F\u00fchrungskr\u00e4fte und f\u00fcr Personen, die sich beruflich oder privat umorientieren m\u00f6chten.<br>Die Weiterbildung dauert 11 Monate von November 2025 bis September 2026.<br>nsgesamt sind es 10 Modul-Wochenenden, samstags von 10 bis 18 Uhr und sonntags von 9:30 bis 16:30 Uhr.<br>Ort: Wiesbaden<br>Diese Weiterbildung ist Ihre Chance, sich pers\u00f6nlich und beruflich weiterzuentwickeln. Seien Sie dabei und gestalten Sie Ihre Zukunft aktiv mit.<br>Verpassen Sie nicht die Chance, sich einen der begehrten Pl\u00e4tze zu sichern.<\/p>\n\n<p>Weitere Informationen finden sie hier:<\/p><\/div><\/div><div class=\"wp-block-group\"><div class=\"wp-block-group__inner-container is-layout-constrained wp-block-group-is-layout-constrained\"><div class=\"wp-block-media-text is-stacked-on-mobile\"><figure class=\"wp-block-media-text__media\"><img loading=\"lazy\" decoding=\"async\" width=\"971\" height=\"1024\" src=\"https:\/\/en.peseschkian-stiftung.de\/wp-content\/uploads\/2024\/09\/01_WeiterbildungBeraterLifeCoach_FlyerThumbnail-971x1024.png\" alt=\"\" class=\"wp-image-19516 size-full\" srcset=\"https:\/\/en.peseschkian-stiftung.de\/wp-content\/uploads\/2024\/09\/01_WeiterbildungBeraterLifeCoach_FlyerThumbnail-971x1024.png 971w, https:\/\/en.peseschkian-stiftung.de\/wp-content\/uploads\/2024\/09\/01_WeiterbildungBeraterLifeCoach_FlyerThumbnail-284x300.png 284w, https:\/\/en.peseschkian-stiftung.de\/wp-content\/uploads\/2024\/09\/01_WeiterbildungBeraterLifeCoach_FlyerThumbnail-768x810.png 768w, https:\/\/en.peseschkian-stiftung.de\/wp-content\/uploads\/2024\/09\/01_WeiterbildungBeraterLifeCoach_FlyerThumbnail-11x12.png 11w, https:\/\/en.peseschkian-stiftung.de\/wp-content\/uploads\/2024\/09\/01_WeiterbildungBeraterLifeCoach_FlyerThumbnail-600x633.png 600w, https:\/\/en.peseschkian-stiftung.de\/wp-content\/uploads\/2024\/09\/01_WeiterbildungBeraterLifeCoach_FlyerThumbnail.png 1276w\" sizes=\"(max-width: 971px) 100vw, 971px\" \/><\/figure><div class=\"wp-block-media-text__content\"><div class=\"wp-block-file alignleft\"><a id=\"wp-block-file--media-be472ad5-77b7-48f9-8069-3c9f5ddba2f7\" href=\"https:\/\/en.peseschkian-stiftung.de\/wp-content\/uploads\/2024\/09\/01_WeiterbildungBeraterLifeCoach_Flyer.pdf\" target=\"_blank\" rel=\"noreferrer noopener\">01_WeiterbildungBeraterLifeCoach_Flyer<\/a><a href=\"https:\/\/en.peseschkian-stiftung.de\/wp-content\/uploads\/2024\/09\/01_WeiterbildungBeraterLifeCoach_Flyer.pdf\" class=\"wp-block-file__button wp-element-button\" download aria-describedby=\"wp-block-file--media-be472ad5-77b7-48f9-8069-3c9f5ddba2f7\">Download<\/a><\/div><\/div><\/div>\n\n<div class=\"wp-block-media-text is-stacked-on-mobile\" style=\"grid-template-columns:55% auto\"><figure class=\"wp-block-media-text__media\"><img loading=\"lazy\" decoding=\"async\" width=\"790\" height=\"1024\" src=\"https:\/\/en.peseschkian-stiftung.de\/wp-content\/uploads\/2025\/08\/Informationen-zur-Weiterbildung-zum-Berater-und-Life-Coach-790x1024.png\" alt=\"\" class=\"wp-image-19634 size-full\" srcset=\"https:\/\/en.peseschkian-stiftung.de\/wp-content\/uploads\/2025\/08\/Informationen-zur-Weiterbildung-zum-Berater-und-Life-Coach-790x1024.png 790w, https:\/\/en.peseschkian-stiftung.de\/wp-content\/uploads\/2025\/08\/Informationen-zur-Weiterbildung-zum-Berater-und-Life-Coach-232x300.png 232w, https:\/\/en.peseschkian-stiftung.de\/wp-content\/uploads\/2025\/08\/Informationen-zur-Weiterbildung-zum-Berater-und-Life-Coach-768x995.png 768w, https:\/\/en.peseschkian-stiftung.de\/wp-content\/uploads\/2025\/08\/Informationen-zur-Weiterbildung-zum-Berater-und-Life-Coach-1185x1536.png 1185w, https:\/\/en.peseschkian-stiftung.de\/wp-content\/uploads\/2025\/08\/Informationen-zur-Weiterbildung-zum-Berater-und-Life-Coach-9x12.png 9w, https:\/\/en.peseschkian-stiftung.de\/wp-content\/uploads\/2025\/08\/Informationen-zur-Weiterbildung-zum-Berater-und-Life-Coach-600x777.png 600w, https:\/\/en.peseschkian-stiftung.de\/wp-content\/uploads\/2025\/08\/Informationen-zur-Weiterbildung-zum-Berater-und-Life-Coach.png 1332w\" sizes=\"(max-width: 790px) 100vw, 790px\" \/><\/figure><div class=\"wp-block-media-text__content\"><div class=\"wp-block-file alignleft\"><a id=\"wp-block-file--media-a23816bb-6e05-488f-a2e9-ca336d4d7a18\" href=\"https:\/\/en.peseschkian-stiftung.de\/wp-content\/uploads\/2025\/08\/2025-2026_Information_Beraterkurs.pdf\">2025-2026_Information_Beraterkurs<\/a><a href=\"https:\/\/en.peseschkian-stiftung.de\/wp-content\/uploads\/2025\/08\/2025-2026_Information_Beraterkurs.pdf\" class=\"wp-block-file__button wp-element-button\" download aria-describedby=\"wp-block-file--media-a23816bb-6e05-488f-a2e9-ca336d4d7a18\">Download<\/a><\/div><\/div><\/div>\n\n<div style=\"height:15px\" aria-hidden=\"true\" class=\"wp-block-spacer\"><\/div>\n\n<div class=\"wp-block-media-text is-stacked-on-mobile\" style=\"grid-template-columns:55% auto\"><figure class=\"wp-block-media-text__media\"><img loading=\"lazy\" decoding=\"async\" width=\"1024\" height=\"726\" src=\"https:\/\/en.peseschkian-stiftung.de\/wp-content\/uploads\/2025\/08\/2025-2026_Modulplan_Beraterkurs-1024x726.png\" alt=\"\" class=\"wp-image-19633 size-full\" srcset=\"https:\/\/en.peseschkian-stiftung.de\/wp-content\/uploads\/2025\/08\/2025-2026_Modulplan_Beraterkurs-1024x726.png 1024w, https:\/\/en.peseschkian-stiftung.de\/wp-content\/uploads\/2025\/08\/2025-2026_Modulplan_Beraterkurs-300x213.png 300w, https:\/\/en.peseschkian-stiftung.de\/wp-content\/uploads\/2025\/08\/2025-2026_Modulplan_Beraterkurs-768x544.png 768w, https:\/\/en.peseschkian-stiftung.de\/wp-content\/uploads\/2025\/08\/2025-2026_Modulplan_Beraterkurs-1536x1089.png 1536w, https:\/\/en.peseschkian-stiftung.de\/wp-content\/uploads\/2025\/08\/2025-2026_Modulplan_Beraterkurs-18x12.png 18w, https:\/\/en.peseschkian-stiftung.de\/wp-content\/uploads\/2025\/08\/2025-2026_Modulplan_Beraterkurs-600x425.png 600w, https:\/\/en.peseschkian-stiftung.de\/wp-content\/uploads\/2025\/08\/2025-2026_Modulplan_Beraterkurs.png 1876w\" sizes=\"(max-width: 1024px) 100vw, 1024px\" \/><\/figure><div class=\"wp-block-media-text__content\"><div class=\"wp-block-file alignleft\"><a id=\"wp-block-file--media-cd0cbb73-5096-442d-bc7a-e2894e591810\" href=\"https:\/\/en.peseschkian-stiftung.de\/wp-content\/uploads\/2025\/08\/2025-2026_Modulplan_Beraterkurs.pdf\">2025-2026_Modulplan_Beraterkurs<\/a><a href=\"https:\/\/en.peseschkian-stiftung.de\/wp-content\/uploads\/2025\/08\/2025-2026_Modulplan_Beraterkurs.pdf\" class=\"wp-block-file__button wp-element-button\" download aria-describedby=\"wp-block-file--media-cd0cbb73-5096-442d-bc7a-e2894e591810\">Download<\/a><\/div><\/div><\/div>\n\n<div style=\"height:15px\" aria-hidden=\"true\" class=\"wp-block-spacer\"><\/div>\n\n<div style=\"height:15px\" aria-hidden=\"true\" class=\"wp-block-spacer\"><\/div>\n\n<div class=\"wp-block-media-text is-stacked-on-mobile\"><figure class=\"wp-block-media-text__media\"><img loading=\"lazy\" decoding=\"async\" width=\"809\" height=\"1024\" src=\"https:\/\/en.peseschkian-stiftung.de\/wp-content\/uploads\/2025\/08\/2025-2026_Anmeldeformular_Beraterkurs-809x1024.png\" alt=\"\" class=\"wp-image-19632 size-full\" srcset=\"https:\/\/en.peseschkian-stiftung.de\/wp-content\/uploads\/2025\/08\/2025-2026_Anmeldeformular_Beraterkurs-809x1024.png 809w, https:\/\/en.peseschkian-stiftung.de\/wp-content\/uploads\/2025\/08\/2025-2026_Anmeldeformular_Beraterkurs-237x300.png 237w, https:\/\/en.peseschkian-stiftung.de\/wp-content\/uploads\/2025\/08\/2025-2026_Anmeldeformular_Beraterkurs-768x972.png 768w, https:\/\/en.peseschkian-stiftung.de\/wp-content\/uploads\/2025\/08\/2025-2026_Anmeldeformular_Beraterkurs-1214x1536.png 1214w, https:\/\/en.peseschkian-stiftung.de\/wp-content\/uploads\/2025\/08\/2025-2026_Anmeldeformular_Beraterkurs-9x12.png 9w, https:\/\/en.peseschkian-stiftung.de\/wp-content\/uploads\/2025\/08\/2025-2026_Anmeldeformular_Beraterkurs-600x759.png 600w, https:\/\/en.peseschkian-stiftung.de\/wp-content\/uploads\/2025\/08\/2025-2026_Anmeldeformular_Beraterkurs.png 1326w\" sizes=\"(max-width: 809px) 100vw, 809px\" \/><\/figure><div class=\"wp-block-media-text__content\"><div class=\"wp-block-file alignleft\"><a id=\"wp-block-file--media-9726dd5c-1b08-4bf6-b01e-14ca0c7aa7b8\" href=\"https:\/\/en.peseschkian-stiftung.de\/wp-content\/uploads\/2025\/08\/2025-2026_Anmeldeformular_Beraterkurs-1.pdf\" target=\"_blank\" rel=\"noreferrer noopener\">2025-2026_Anmeldeformular_Beraterkurs<\/a><a href=\"https:\/\/en.peseschkian-stiftung.de\/wp-content\/uploads\/2025\/08\/2025-2026_Anmeldeformular_Beraterkurs-1.pdf\" class=\"wp-block-file__button wp-element-button\" download aria-describedby=\"wp-block-file--media-9726dd5c-1b08-4bf6-b01e-14ca0c7aa7b8\">Download<\/a><\/div><\/div><\/div><\/div><\/div><p><\/p>","protected":false},"excerpt":{"rendered":"","protected":false},"author":2,"featured_media":0,"parent":0,"menu_order":0,"comment_status":"closed","ping_status":"closed","template":"","meta":{"footnotes":""},"class_list":["post-19196","page","type-page","status-publish"],"jetpack_sharing_enabled":true,"_links":{"self":[{"href":"https:\/\/en.peseschkian-stiftung.de\/de\/wp-json\/wp\/v2\/pages\/19196"}],"collection":[{"href":"https:\/\/en.peseschkian-stiftung.de\/de\/wp-json\/wp\/v2\/pages"}],"about":[{"href":"https:\/\/en.peseschkian-stiftung.de\/de\/wp-json\/wp\/v2\/types\/page"}],"author":[{"embeddable":true,"href":"https:\/\/en.peseschkian-stiftung.de\/de\/wp-json\/wp\/v2\/users\/2"}],"replies":[{"embeddable":true,"href":"https:\/\/en.peseschkian-stiftung.de\/de\/wp-json\/wp\/v2\/comments?post=19196"}],"version-history":[{"count":22,"href":"https:\/\/en.peseschkian-stiftung.de\/de\/wp-json\/wp\/v2\/pages\/19196\/revisions"}],"predecessor-version":[{"id":19638,"href":"https:\/\/en.peseschkian-stiftung.de\/de\/wp-json\/wp\/v2\/pages\/19196\/revisions\/19638"}],"wp:attachment":[{"href":"https:\/\/en.peseschkian-stiftung.de\/de\/wp-json\/wp\/v2\/media?parent=19196"}],"curies":[{"name":"wp","href":"https:\/\/api.w.org\/{rel}","templated":true}]}}