{"id":19077,"date":"2021-10-16T18:25:56","date_gmt":"2021-10-16T18:25:56","guid":{"rendered":"https:\/\/peseschkian-foundation.org\/?page_id=19077"},"modified":"2021-10-16T18:27:28","modified_gmt":"2021-10-16T18:27:28","slug":"mental-health-project-in-ethiopia","status":"publish","type":"page","link":"https:\/\/en.peseschkian-stiftung.de\/de\/mental-health-project-in-ethiopia","title":{"rendered":"Mental Health Projekt \u00c4thiopien"},"content":{"rendered":"<div style=\"height:94px\" aria-hidden=\"true\" class=\"wp-block-spacer\"><\/div><h2 class=\"has-text-align-center wp-block-heading\">Mental Health Projekt \u00c4thiopien<br><\/h2><div class=\"wp-block-group\"><div class=\"wp-block-group__inner-container is-layout-flow wp-block-group-is-layout-flow\"><p>10 Jahre Mental Health Projekt in \u00c4thiopien \u2013 Engagement f\u00fcr psychische Gesundheit F\u00f6rderung eines nachhaltigen Ausbildungsprojekts f\u00fcr qualifizierte psychosoziale Beratung und Psychotherapie<\/p>\n\n<hr class=\"wp-block-separator is-style-default\"\/>\n\n<div class=\"wp-block-image is-style-rounded\"><figure class=\"aligncenter size-full\"><img loading=\"lazy\" decoding=\"async\" width=\"47\" height=\"56\" src=\"https:\/\/peseschkian-foundation.org\/wp-content\/uploads\/2020\/12\/icon-2-1.png\" alt=\"\" class=\"wp-image-18854\" srcset=\"https:\/\/en.peseschkian-stiftung.de\/wp-content\/uploads\/2020\/12\/icon-2-1.png 47w, https:\/\/en.peseschkian-stiftung.de\/wp-content\/uploads\/2020\/12\/icon-2-1-10x12.png 10w\" sizes=\"(max-width: 47px) 100vw, 47px\" \/><\/figure><\/div>\n\n<blockquote class=\"wp-block-quote has-text-align-center is-style-large is-layout-flow wp-block-quote-is-layout-flow\"><p>\u201eWer die Ausbildung beendet hat, bildet selbst aus\u201c<\/p><\/blockquote>\n\n<hr class=\"wp-block-separator is-style-default\"\/>\n\n<p>Die Internationale Akademie f\u00fcr Positive und Transkulturelle Psychotherapie \u2013 Prof. Peseschkian Stiftung engagiert sich seit 2006 mit einem Mental Health Projekt in \u00c4thiopien. Durch den Aufbau eines pers\u00f6nlichen Kontakts mit den leitenden Psychiatern und Universit\u00e4tsdozenten des Landes hat eine Kooperation mit drei wichtigen Universit\u00e4ten erm\u00f6glicht: University of Addis Abeba, Jimma University und Bahir Dar University. Das Gesundheits- sowie das Bildungsministerium in Addis Abeba wurden umfassend \u00fcber unser Ausbildungsprojekt in Kenntnis gesetzt.\n\nWhatsApp Image 2019-11-05 at 15.21.32<\/p>\n\n<p>Durch Basic- und Master-Kurse in Positiver und transkultureller Psychotherapie erlernen Angeh\u00f6rige von Gesundheitsberufen in \u00c4thiopien (gegen eine symbolische Teilnahmegeb\u00fchr) ein ressourcen-orientiertes, kurzzeittherapeutisches Verfahren, das sie bef\u00e4higt, Patienten wirkungsvoll psychotherapeutisch zu behandeln.<\/p>\n\n<p>Die in Positiver und Transkultureller Psychotherapie ausgebildeten \u00e4thiopischen Fachkr\u00e4fte werden auf langfristige Sicht selbst als Internationale Trainer der PPT ausgebildet werden und dann die Ausbildung ihrer Landsleute eigenst\u00e4ndig durchf\u00fchren k\u00f6nnen. Nach Abschluss der Ausbildung k\u00f6nnen sie sich dem Weltverband der Positiven und Transkulturellen Psychotherapie (WAPP e.V.) anschlie\u00dfen und werden somit in das internationale Netzwerk der Positiven Psychotherapeuten integriert. Dadurch ist der fachliche Austausch und der langfristige Erhalt der methodischen Qualit\u00e4t gew\u00e4hrleistet.<\/p>\n\n<div class=\"wp-block-media-text alignwide is-stacked-on-mobile\"><figure class=\"wp-block-media-text__media\"><img loading=\"lazy\" decoding=\"async\" width=\"1024\" height=\"724\" src=\"https:\/\/peseschkian-foundation.org\/wp-content\/uploads\/2021\/10\/WhatsApp-Image-2019-11-05-at-15.21.32-e1634408441906-1024x724.jpeg\" alt=\"\" class=\"wp-image-19079 size-full\" srcset=\"https:\/\/en.peseschkian-stiftung.de\/wp-content\/uploads\/2021\/10\/WhatsApp-Image-2019-11-05-at-15.21.32-e1634408441906-1024x724.jpeg 1024w, https:\/\/en.peseschkian-stiftung.de\/wp-content\/uploads\/2021\/10\/WhatsApp-Image-2019-11-05-at-15.21.32-e1634408441906-600x424.jpeg 600w, https:\/\/en.peseschkian-stiftung.de\/wp-content\/uploads\/2021\/10\/WhatsApp-Image-2019-11-05-at-15.21.32-e1634408441906-300x212.jpeg 300w, https:\/\/en.peseschkian-stiftung.de\/wp-content\/uploads\/2021\/10\/WhatsApp-Image-2019-11-05-at-15.21.32-e1634408441906-768x543.jpeg 768w, https:\/\/en.peseschkian-stiftung.de\/wp-content\/uploads\/2021\/10\/WhatsApp-Image-2019-11-05-at-15.21.32-e1634408441906-16x12.jpeg 16w, https:\/\/en.peseschkian-stiftung.de\/wp-content\/uploads\/2021\/10\/WhatsApp-Image-2019-11-05-at-15.21.32-e1634408441906.jpeg 1080w\" sizes=\"(max-width: 1024px) 100vw, 1024px\" \/><\/figure><div class=\"wp-block-media-text__content\"><p><br><br>Eine Repr\u00e4sentantin der Stiftung in \u00c4thiopien ist seit Anbeginn ehrenamtlich f\u00fcr das Projekt im Einsatz und sorgt daf\u00fcr, dass die Kurse vor Ort erfolgreich durchgef\u00fchrt werden. Viele internationale  Dozenten der Positiven und Transkulturellen Psychotherapie (Fach\u00e4rzte und Diplom-Psychologen) unterst\u00fctzen das Mental Health Projekt. Sie unterrichten ihre \u00e4thiopischen Kolleginnen und Kollegen pro bono in Block-Seminaren. Da die Trainer aus den unterschiedlichsten L\u00e4ndern der Welt kommen, wissen sie um transkulturelle Besonderheiten und Herausforderungen auch aufgrund ihrer eigenen Erfahrungen.<\/p>\n\n<p>In den bisher dreizehn Jahren des Projekts haben bereits mehr als 250 Teilnehmer den Basic-Kurs abgeschlossen und \u00fcber 40 Absolventen des Masterkurses haben ihr Abschlusszertifikat erhalten und d\u00fcrfen sich \u201eCertified Positive Psychotherapist\u201c nennen. Sie sind die Wegbereiter f\u00fcr den Eintritt in eine neue \u00c4ra der Qualifizierung im Bereich Mental Health f\u00fcr \u00c4thiopien sein.<\/p><\/div><\/div><\/div><\/div><div class=\"wp-block-group\"><div class=\"wp-block-group__inner-container is-layout-flow wp-block-group-is-layout-flow\"><p>Die Methode der Positiven Psychotherapie ist besonders geeignet f\u00fcr L\u00e4nder, die sowohl durch Armut als auch Umbruch gekennzeichnet sind. Konzept und Praxis der Methode machen es m\u00f6glich, auch in L\u00e4ndern wie \u00c4thiopien die Bev\u00f6lkerung zu erreichen \u2013 unabh\u00e4ngig vom Bildungsgrad oder der Weltanschauung. Die Einbeziehung von Geschichten und Sprichw\u00f6rtern im therapeutischen Prozess kommt narrativ gepr\u00e4gten Kulturen entgegen und erreicht die Menschen auch auf emotionaler Ebene. Das der Methode zugrunde liegende humanistische Weltbild und die leichte Verst\u00e4ndlichkeit der Interventionen wirken \u00fcber den therapeutischen Prozess hinaus positiv auf die Zivilgesellschaft ein.<\/p>\n\n<p>Insbesondere junge Fachkr\u00e4fte profitieren von ihrer Qualifizierung und erhalten somit einen Anreiz, im Land zu bleiben (Verhinderung der Abwanderung der Intelligenz, des sog. Brain-Drains).<\/p>\n\n<p>Die Arbeit unserer Stiftung ist besonders wirkungsvoll und innovativ, da ihr eine wissenschaftlich anerkannte Methode der Psychotherapie (mit Qualit\u00e4tssicherung) zugrunde liegt. Ferner kooperieren wir mit dem Weltverband f\u00fcr Positive und Transkulturelle Psychotherapie, sodass sich die Kursteilnehmer in \u00c4thiopien einem internationalen Netzwerk anschlie\u00dfen k\u00f6nnen. Um den internationalen Austausch zu f\u00f6rdern, wurden bereits mehrfach von der Stiftung Stipendien an Teilnehmer der Kurse in \u00c4thiopien vergeben, damit Sie an Kongressen der Positiven und Transkulturellen Psychotherapie teilnehmen konnten.<\/p>\n\n<p>Drei B\u00fccher der Positiven Psychotherapie wurden in englischer bzw. amharischer Sprache in \u00c4thiopien auf Kosten der Stiftung ver\u00f6ffentlicht, um den Kursteilnehmern den Zugang zur ben\u00f6tigten Fachliteratur zu erm\u00f6glichen<\/p>\n\n<p>Mit der Ausbildung \u00e4thiopischer Kollegen in Addis Abeba, Jimma und Bahir Dar leistet die Peseschkian Stiftung mit Hilfe der universit\u00e4ren Kooperationspartner einen wichtigen Beitrag, um den Mangel an psychotherapeutisch ausgebildeten Fachkr\u00e4ften in \u00c4thiopien zu lindern, damit die teils stark traumatisierte Bev\u00f6lkerung Hilfe erfahren kann. Die F\u00f6rderung einer nachhaltigen Entwicklung insbesondere im Gesundheitsbereich ist ein wichtiger Baustein, um auch Ursachen von Flucht und Terror zu bek\u00e4mpfen.\n\nIm Jahre 2022 wurde das Projekt an den Weltverband \"World Association for Positive\nand Transcultural Psychotherapy (WAPP)\" abgegeben.<\/p><\/div><\/div><div class=\"wp-block-group\"><div class=\"wp-block-group__inner-container is-layout-flow wp-block-group-is-layout-flow\"><figure class=\"wp-block-embed is-type-video is-provider-youtube wp-block-embed-youtube wp-embed-aspect-16-9 wp-has-aspect-ratio\"><div class=\"wp-block-embed__wrapper\">\n<iframe loading=\"lazy\" title=\"10 Jahre Prof. Peseschkian &quot;Mental Health&quot;-Projekt in \u00c4thiopien\" width=\"1200\" height=\"675\" src=\"https:\/\/www.youtube.com\/embed\/HNtUMNxqUlE?feature=oembed\" frameborder=\"0\" allow=\"accelerometer; autoplay; clipboard-write; encrypted-media; gyroscope; picture-in-picture\" allowfullscreen><\/iframe>\n<\/div><\/figure><\/div><\/div>","protected":false},"excerpt":{"rendered":"","protected":false},"author":2,"featured_media":0,"parent":0,"menu_order":0,"comment_status":"closed","ping_status":"closed","template":"","meta":{"footnotes":""},"class_list":["post-19077","page","type-page","status-publish"],"jetpack_sharing_enabled":true,"_links":{"self":[{"href":"https:\/\/en.peseschkian-stiftung.de\/de\/wp-json\/wp\/v2\/pages\/19077"}],"collection":[{"href":"https:\/\/en.peseschkian-stiftung.de\/de\/wp-json\/wp\/v2\/pages"}],"about":[{"href":"https:\/\/en.peseschkian-stiftung.de\/de\/wp-json\/wp\/v2\/types\/page"}],"author":[{"embeddable":true,"href":"https:\/\/en.peseschkian-stiftung.de\/de\/wp-json\/wp\/v2\/users\/2"}],"replies":[{"embeddable":true,"href":"https:\/\/en.peseschkian-stiftung.de\/de\/wp-json\/wp\/v2\/comments?post=19077"}],"version-history":[{"count":6,"href":"https:\/\/en.peseschkian-stiftung.de\/de\/wp-json\/wp\/v2\/pages\/19077\/revisions"}],"predecessor-version":[{"id":19085,"href":"https:\/\/en.peseschkian-stiftung.de\/de\/wp-json\/wp\/v2\/pages\/19077\/revisions\/19085"}],"wp:attachment":[{"href":"https:\/\/en.peseschkian-stiftung.de\/de\/wp-json\/wp\/v2\/media?parent=19077"}],"curies":[{"name":"wp","href":"https:\/\/api.w.org\/{rel}","templated":true}]}}