{"id":19056,"date":"2021-10-16T17:39:19","date_gmt":"2021-10-16T17:39:19","guid":{"rendered":"https:\/\/peseschkian-foundation.org\/?page_id=19056"},"modified":"2023-05-24T10:07:16","modified_gmt":"2023-05-24T10:07:16","slug":"foundation-info","status":"publish","type":"page","link":"https:\/\/en.peseschkian-stiftung.de\/de\/foundation-info","title":{"rendered":"Stiftungsinformationen"},"content":{"rendered":"<div style=\"height:35px\" aria-hidden=\"true\" class=\"wp-block-spacer\"><\/div><div class=\"gb-container gb-container-9b2d4196\"><div class=\"gb-inside-container\"><div class=\"wp-block-group alignfull\"><div class=\"wp-block-group__inner-container is-layout-flow wp-block-group-is-layout-flow\"><div class=\"wp-block-media-text alignwide is-stacked-on-mobile is-vertically-aligned-top\" style=\"grid-template-columns:30% auto\"><figure class=\"wp-block-media-text__media\"><img loading=\"lazy\" decoding=\"async\" width=\"268\" height=\"300\" src=\"https:\/\/en.peseschkian-stiftung.de\/wp-content\/uploads\/2020\/06\/PPS_vertical.png\" alt=\"\" class=\"wp-image-18721 size-medium\" srcset=\"https:\/\/en.peseschkian-stiftung.de\/wp-content\/uploads\/2020\/06\/PPS_vertical.png 3945w, https:\/\/en.peseschkian-stiftung.de\/wp-content\/uploads\/2020\/06\/PPS_vertical-600x672.png 600w, https:\/\/en.peseschkian-stiftung.de\/wp-content\/uploads\/2020\/06\/PPS_vertical-268x300.png 268w, https:\/\/en.peseschkian-stiftung.de\/wp-content\/uploads\/2020\/06\/PPS_vertical-915x1024.png 915w, https:\/\/en.peseschkian-stiftung.de\/wp-content\/uploads\/2020\/06\/PPS_vertical-768x860.png 768w, https:\/\/en.peseschkian-stiftung.de\/wp-content\/uploads\/2020\/06\/PPS_vertical-1372x1536.png 1372w, https:\/\/en.peseschkian-stiftung.de\/wp-content\/uploads\/2020\/06\/PPS_vertical-1829x2048.png 1829w\" sizes=\"(max-width: 268px) 100vw, 268px\" \/><\/figure><div class=\"wp-block-media-text__content\"><div class=\"wp-block-group\"><div class=\"wp-block-group__inner-container is-layout-flow wp-block-group-is-layout-flow\"><h1 class=\"wp-block-heading has-text-align-center\">Stiftungsinformationen<\/h1>\n\n<p class=\"has-medium-font-size\"><br>Wiesbaden ist die Geburtsst\u00e4tte der Positiven Psychotherapie wie auch der Iternationalen Akademie f\u00fcr Positive und Transkulturelle Psychotherapie - Peseschkian Stiftung (IAPP). Sie wurden 2005 in der hessischen Landeshauptstadt gegr\u00fcndet.<\/p>\n\n<p class=\"has-medium-font-size\">Durch jahrzehntelange intensive Bem\u00fchungen um transkulturelle Zusammenarbeit ist es den Gr\u00fcndern gelungen, mehrere Zentren in \u00fcber 25 L\u00e4ndern aufzubauen, die sich der Weiterbildung und Therapie im Sinne kultureller Integration und internationaler Verst\u00e4ndigung<\/p>\n\n<p class=\"has-medium-font-size\">Die Arbeit basiert auf 31 B\u00fcchern zur Positiven Psychotherapie in 28 Sprachen und unz\u00e4hligen Sekund\u00e4rstudien weltweit. Alle Einnahmen aus den pers\u00f6nlichen Autorenrechten von Prof. Dr. Nossrat Peseschkian kommen direkt der Stiftung und ihrer gemeinn\u00fctzigen Arbeit zugute.<\/p>\n\n<p class=\"has-medium-font-size\">Wir haben uns in besonderer Weise der internationalen Fortbildung von Psychologen, \u00c4rzten und P\u00e4dagogen verschrieben, wobei die Bildungs- und Therapiearbeit mit Kindern und Jugendlichen eine wichtige Rolle spielt.<\/p>\n\n<p class=\"has-medium-font-size\">Die Stiftung hat eine besonders positive Resonanz durch die Gesellschaft erfahren. Durch Veranstaltungen und Vortr\u00e4ge in verschiedenen Organisationen der Medizin, Wirtschaft und Schule entstehen neue Ideen, wie unsere Ziele durch Projekte dynamisch umgesetzt werden k\u00f6nnen - nicht zuletzt im Hinblick auf die transkulturelle Verst\u00e4ndigung und weltweite Migration.<\/p><\/div><\/div><\/div><\/div>\n\n<blockquote class=\"wp-block-quote has-text-align-center is-style-large is-layout-flow wp-block-quote-is-layout-flow\"><p>\" Wenn du willst, was du nie hattest, tue, was du noch nie getan hast. \"<\/p><\/blockquote><\/div><\/div>\n\n<div class=\"gb-container gb-container-01d6ef26\"><div class=\"gb-inside-container\"><h2 class=\"wp-block-heading has-text-align-center\"><strong>Akkreditierungen der Stiftung<\/strong><\/h2>\n\n<div class=\"wp-block-media-text alignwide has-media-on-the-right is-stacked-on-mobile\" style=\"grid-template-columns:auto 47%\"><div class=\"wp-block-media-text__content\"><p>Die Internationale Akademie f\u00fcr Positive und Transkulturelle Psychotherapie ist als European Accredited Psychotherapy Training Institute (EAPTI) anerkannt und von der Hessischen Lehrkr\u00e4fteakademie akkreditiert.<\/p>\n\n<p>Bei Bedarf werden unsere Weiterbildungsveranstaltungen auf Antrag von der&nbsp; von der Landes\u00e4rztekammer Hessen (L\u00c4KH) und der Landeskammer f\u00fcr Psychologische Psychotherapeut\/-innen und Kinder- und Jugendlichenpsychotherapeut\/-innen Hessen (LPPKJP Hessen) zertifiziert.<\/p><\/div><figure class=\"wp-block-media-text__media\"><img loading=\"lazy\" decoding=\"async\" width=\"400\" height=\"265\" src=\"https:\/\/en.peseschkian-stiftung.de\/wp-content\/uploads\/2023\/05\/1-5cf978449769b.spic_.png\" alt=\"\" class=\"wp-image-19367 size-full\" srcset=\"https:\/\/en.peseschkian-stiftung.de\/wp-content\/uploads\/2023\/05\/1-5cf978449769b.spic_.png 400w, https:\/\/en.peseschkian-stiftung.de\/wp-content\/uploads\/2023\/05\/1-5cf978449769b.spic_-300x199.png 300w, https:\/\/en.peseschkian-stiftung.de\/wp-content\/uploads\/2023\/05\/1-5cf978449769b.spic_-18x12.png 18w\" sizes=\"(max-width: 400px) 100vw, 400px\" \/><\/figure><\/div><\/div><\/div>\n\n<h3 class=\"wp-block-heading has-text-align-center\"><strong>Stiftungsziele<\/strong><\/h3>\n\n<div class=\"gb-container gb-container-e1e8b672\"><div class=\"gb-inside-container\"><ul class=\"wp-block-list\"><li>Beitrag zur Schaffung einer Kultur der Zusammenarbeit und Verst\u00e4ndigung<\/li>\n\n<li>Anregungen und Impulse f\u00fcr Politiker, Wissenschaftler, \u00d6konomen, religi\u00f6se F\u00fchrer und Einzelpersonen im Sinne der Einheit in der Vielfalt.<\/li>\n\n<li>Austausch mit anderen sozialen und therapeutischen Institutionen<\/li>\n\n<li>Wissenschaft und Forschung bei Konflikt- und Stressbew\u00e4ltigung als Beitrag zur Friedensentwicklung Internationaler, fachlicher und wissenschaftlicher Austausch in der Arbeit mit Kindern, Jugendlichen und Erwachsenen<\/li>\n\n<li>Praktische Anwendung, Aus-, Fort- und Weiterbildung in Form von Seminaren auf dem Gebiet der Positiven und Transkulturellen Psychotherapie und Positiven Familientherapie.<\/li>\n\n<li>Abbau von Vorurteilen, Gleichberechtigung von Mann und Frau, Armutsbek\u00e4mpfung, Bev\u00f6lkerungs-, Bildungs- und Gesundheitspolitik und Altenhilfe<\/li>\n\n<li>Gesundheitswesen im Sinne der Ganzheit<\/li>\n\n<li>Selbsthilfe im Sinne ressourcenorientierten Vorgehens<\/li>\n\n<li>Beratung von Individuen, Familien und Organisationen in Bildung, Erziehung, Wirtschaft und Gesellschaft<\/li>\n\n<li>Soziale und internationale Gerechtigkeit<\/li>\n\n<li>Psychotherapie und Psychosomatik (ressourcenorientierte und konfliktzentrierte Kurzzeitpsychotherapie)<\/li>\n\n<li>Aufbau und Bewahrung eines internationalen Archivs der Positiven und Transkulturellen Psychotherapie<\/li>\n\n<li>Erhaltung und Erweiterung einer umfangreichen Bibliothek<\/li>\n\n<li>Vergabe des \u201ePositive-Psychotherapie-Preises\u201c in verschiedenen Kategorien im In- und Ausland<\/li><\/ul><\/div><\/div><\/div><\/div>","protected":false},"excerpt":{"rendered":"","protected":false},"author":2,"featured_media":0,"parent":0,"menu_order":0,"comment_status":"closed","ping_status":"closed","template":"","meta":{"footnotes":""},"class_list":["post-19056","page","type-page","status-publish"],"jetpack_sharing_enabled":true,"_links":{"self":[{"href":"https:\/\/en.peseschkian-stiftung.de\/de\/wp-json\/wp\/v2\/pages\/19056"}],"collection":[{"href":"https:\/\/en.peseschkian-stiftung.de\/de\/wp-json\/wp\/v2\/pages"}],"about":[{"href":"https:\/\/en.peseschkian-stiftung.de\/de\/wp-json\/wp\/v2\/types\/page"}],"author":[{"embeddable":true,"href":"https:\/\/en.peseschkian-stiftung.de\/de\/wp-json\/wp\/v2\/users\/2"}],"replies":[{"embeddable":true,"href":"https:\/\/en.peseschkian-stiftung.de\/de\/wp-json\/wp\/v2\/comments?post=19056"}],"version-history":[{"count":22,"href":"https:\/\/en.peseschkian-stiftung.de\/de\/wp-json\/wp\/v2\/pages\/19056\/revisions"}],"predecessor-version":[{"id":19391,"href":"https:\/\/en.peseschkian-stiftung.de\/de\/wp-json\/wp\/v2\/pages\/19056\/revisions\/19391"}],"wp:attachment":[{"href":"https:\/\/en.peseschkian-stiftung.de\/de\/wp-json\/wp\/v2\/media?parent=19056"}],"curies":[{"name":"wp","href":"https:\/\/api.w.org\/{rel}","templated":true}]}}