{"id":19019,"date":"2021-10-16T13:20:14","date_gmt":"2021-10-16T13:20:14","guid":{"rendered":"https:\/\/peseschkian-foundation.org\/?page_id=19019"},"modified":"2021-10-16T18:39:03","modified_gmt":"2021-10-16T18:39:03","slug":"balance-model","status":"publish","type":"page","link":"https:\/\/en.peseschkian-stiftung.de\/de\/balance-model","title":{"rendered":"Balance-Modell"},"content":{"rendered":"<div style=\"height:100px\" aria-hidden=\"true\" class=\"wp-block-spacer\"><\/div><h1 class=\"has-text-align-center wp-block-heading\">Das Gleichgewichtsmodell der positiven Psychotherapie<\/h1><div style=\"height:64px\" aria-hidden=\"true\" class=\"wp-block-spacer\"><\/div><div class=\"wp-block-columns is-layout-flex wp-container-core-columns-is-layout-1 wp-block-columns-is-layout-flex\"><div class=\"wp-block-column is-layout-flow wp-block-column-is-layout-flow\" style=\"flex-basis:33.33%\"><figure class=\"wp-block-image size-full is-resized\"><img loading=\"lazy\" decoding=\"async\" src=\"https:\/\/peseschkian-foundation.org\/wp-content\/uploads\/2021\/10\/balancemodel.jpg\" alt=\"\" class=\"wp-image-19020\" width=\"416\" height=\"297\" srcset=\"https:\/\/en.peseschkian-stiftung.de\/wp-content\/uploads\/2021\/10\/balancemodel.jpg 367w, https:\/\/en.peseschkian-stiftung.de\/wp-content\/uploads\/2021\/10\/balancemodel-300x214.jpg 300w, https:\/\/en.peseschkian-stiftung.de\/wp-content\/uploads\/2021\/10\/balancemodel-16x12.jpg 16w\" sizes=\"(max-width: 416px) 100vw, 416px\" \/><\/figure><\/div>\n\n<div class=\"wp-block-column is-layout-flow wp-block-column-is-layout-flow\" style=\"flex-basis:66.66%\"><h4 class=\"wp-block-heading\">Vier Bereiche der Gesundheit, Energieverteilung und Konfliktreaktion<\/h4>\n\n<p>Das \u201eBalancemodell\u201c von Nossrat Peseschkian ist als \u201eHerzst\u00fcck\u201c der Positiven Psychotherapie bekannt und wird in unterschiedlichen Settings eingesetzt. Es wird auch als \u201eRautenmodell\u201c, \u201evier Qualit\u00e4ten des Lebens\u201c, \u201evier Wege der Konfliktverarbeitung\u201c oder als \u201edie vier Wege oder Medien der Erkenntnisf\u00e4higkeit\u201c bezeichnet.<\/p>\n\n<p class=\"translation-block\">Dem Balancemodell liegt die Auffassung zugrunde, dass es im Wesentlichen vier gro\u00dfe Lebensbereiche gibt, in denen der Mensch lebt und wirkt. Diese Bereiche beeinflussen seine Lebenszufriedenheit, sein Selbstwertgef\u00fchl, seinen Umgang mit Konflikten und Herausforderungen und pr\u00e4gen seine Pers\u00f6nlichkeit im Hier und Jetzt. Das Modell basiert auf dem ganzheitlichen Menschenbild der Positiven Psychotherapie. Wir sprechen in diese Zusammenhang von biologisch-k\u00f6rperlichen, rational-intellektuellen, sozio-emotionalen und geistig-spirituellen Sph\u00e4ren und F\u00e4higkeiten des Menschen. Obwohl das Potential zu allen vier F\u00e4higkeiten in jedem Menschen angelegt ist, werden durch Erziehung, Umwelt und Sozialisation einige besonders betont und andere vernachl\u00e4ssigt. (\u2026) Eine Balance der Lebensenergie, verteilt auf die vier Bereiche K\u00f6rper \u2013 Leistung \u2013 Kontakt \u2013 Sinn, sieht Nossrat Peseschkian als g\u00fcnstige Bedingung f\u00fcr Gesundheit und Widerstandsf\u00e4higkeit.\n\n \n\nQuelle: Positive Psychotherapie (Reihe: Wege der Psychotherapie), H. Peseschkian \/ A. Remmers, 2013, Ernst Reinhardt Verlag, M\u00fcnchen, S. 41-42.<\/p><\/div><\/div>","protected":false},"excerpt":{"rendered":"","protected":false},"author":2,"featured_media":0,"parent":0,"menu_order":0,"comment_status":"closed","ping_status":"closed","template":"","meta":{"footnotes":""},"class_list":["post-19019","page","type-page","status-publish"],"jetpack_sharing_enabled":true,"_links":{"self":[{"href":"https:\/\/en.peseschkian-stiftung.de\/de\/wp-json\/wp\/v2\/pages\/19019"}],"collection":[{"href":"https:\/\/en.peseschkian-stiftung.de\/de\/wp-json\/wp\/v2\/pages"}],"about":[{"href":"https:\/\/en.peseschkian-stiftung.de\/de\/wp-json\/wp\/v2\/types\/page"}],"author":[{"embeddable":true,"href":"https:\/\/en.peseschkian-stiftung.de\/de\/wp-json\/wp\/v2\/users\/2"}],"replies":[{"embeddable":true,"href":"https:\/\/en.peseschkian-stiftung.de\/de\/wp-json\/wp\/v2\/comments?post=19019"}],"version-history":[{"count":6,"href":"https:\/\/en.peseschkian-stiftung.de\/de\/wp-json\/wp\/v2\/pages\/19019\/revisions"}],"predecessor-version":[{"id":19095,"href":"https:\/\/en.peseschkian-stiftung.de\/de\/wp-json\/wp\/v2\/pages\/19019\/revisions\/19095"}],"wp:attachment":[{"href":"https:\/\/en.peseschkian-stiftung.de\/de\/wp-json\/wp\/v2\/media?parent=19019"}],"curies":[{"name":"wp","href":"https:\/\/api.w.org\/{rel}","templated":true}]}}