{"id":19011,"date":"2021-10-16T12:42:49","date_gmt":"2021-10-16T12:42:49","guid":{"rendered":"https:\/\/peseschkian-foundation.org\/?page_id=19011"},"modified":"2023-07-06T13:35:15","modified_gmt":"2023-07-06T13:35:15","slug":"teacher-training","status":"publish","type":"page","link":"https:\/\/en.peseschkian-stiftung.de\/de\/teacher-training","title":{"rendered":"Tagesseminare"},"content":{"rendered":"<div class=\"gb-container gb-container-e709621e\"><div class=\"gb-inside-container\"><div class=\"wp-block-cover alignfull is-light\" style=\"min-height:100vh;aspect-ratio:unset;\"><span aria-hidden=\"true\" class=\"wp-block-cover__background has-background-dim-100 has-background-dim\" style=\"background-color:#ffffff\"><\/span><div class=\"wp-block-cover__inner-container is-layout-flow wp-block-cover-is-layout-flow\"><div class=\"wp-block-media-text alignwide is-stacked-on-mobile is-vertically-aligned-center\" style=\"grid-template-columns:34% auto\"><figure class=\"wp-block-media-text__media\"><img loading=\"lazy\" decoding=\"async\" width=\"418\" height=\"563\" src=\"https:\/\/peseschkian-foundation.org\/wp-content\/uploads\/2021\/10\/neu_Internationales-Trainingsprogramm-Mazedonien-2013-418x563_c.jpg\" alt=\"\" class=\"wp-image-19014 size-full\" srcset=\"https:\/\/en.peseschkian-stiftung.de\/wp-content\/uploads\/2021\/10\/neu_Internationales-Trainingsprogramm-Mazedonien-2013-418x563_c.jpg 418w, https:\/\/en.peseschkian-stiftung.de\/wp-content\/uploads\/2021\/10\/neu_Internationales-Trainingsprogramm-Mazedonien-2013-418x563_c-223x300.jpg 223w, https:\/\/en.peseschkian-stiftung.de\/wp-content\/uploads\/2021\/10\/neu_Internationales-Trainingsprogramm-Mazedonien-2013-418x563_c-9x12.jpg 9w\" sizes=\"(max-width: 418px) 100vw, 418px\" \/><\/figure><div class=\"wp-block-media-text__content\"><h2 class=\"wp-block-heading has-text-align-center has-text-color\" style=\"color:#000000;font-size:32px\"><strong>DAY SEMINARS<\/strong><\/h2>\n\n<p class=\"has-text-color\" style=\"color:#000000;font-size:17px\">The one-day seminars give an insight into various topics based on positive psychotherapy. They offer a platform for discussion and exchange of experience and at the same time represent a valuable network meeting.<br><\/p>\n\n<div class=\"wp-block-buttons is-horizontal is-content-justification-center is-layout-flex wp-container-core-buttons-is-layout-1 wp-block-buttons-is-layout-flex\"><div class=\"wp-block-button is-style-fill\"><a class=\"wp-block-button__link has-base-3-color has-text-color has-background wp-element-button\" href=\"https:\/\/peseschkian-foundation.org\/events\" style=\"background-color:#c10036\">Events<\/a><\/div><\/div>\n\n<p class=\"has-black-color has-text-color\"><br>Location: Prof. Peseschkian Foundation, Langgasse 38-40, 65183 Wiesbaden<br>Time: from 9.30 a.m. to 5.30 p.m.<br>Cost: EUR 75.00 per seminar \/ person<\/p><\/div><\/div>\n\n<div class=\"wp-block-group\"><div class=\"wp-block-group__inner-container is-layout-constrained wp-block-group-is-layout-constrained\"><style id=\"wpforms-css-vars-19403-block-b49d4bda-0b29-4acb-9e6a-ab86b1222dd3\">\n\t\t\t\t#wpforms-19403.wpforms-block-b49d4bda-0b29-4acb-9e6a-ab86b1222dd3 {\n\t\t\t\t--wpforms-button-background-color: var(--accent);\n\t\t\t}\n\t\t\t<\/style><div class=\"wpforms-container wpforms-container-full wpforms-block wpforms-block-b49d4bda-0b29-4acb-9e6a-ab86b1222dd3 wpforms-render-modern\" id=\"wpforms-19403\"><form id=\"wpforms-form-19403\" class=\"wpforms-validate wpforms-form wpforms-ajax-form\" data-formid=\"19403\" method=\"post\" enctype=\"multipart\/form-data\" action=\"\/de\/wp-json\/wp\/v2\/pages\/19011\" data-token=\"a98b426c2195a8756ff9e27f0caa154d\" data-token-time=\"1776228935\"><noscript class=\"wpforms-error-noscript\">Bitte aktiviere JavaScript in deinem Browser, um dieses Formular fertigzustellen.<\/noscript><div id=\"wpforms-error-noscript\" style=\"display: none;\">Bitte aktiviere JavaScript in deinem Browser, um dieses Formular fertigzustellen.<\/div><div class=\"wpforms-field-container\"><div id=\"wpforms-19403-field_0-container\" class=\"wpforms-field wpforms-field-name\" data-field-id=\"0\"><fieldset><legend class=\"wpforms-field-label\">Name <span class=\"wpforms-required-label\" aria-hidden=\"true\">*<\/span><\/legend><div class=\"wpforms-field-row wpforms-field-medium\"><div class=\"wpforms-field-row-block wpforms-first wpforms-one-half\"><input type=\"text\" id=\"wpforms-19403-field_0\" class=\"wpforms-field-name-first wpforms-field-required\" name=\"wpforms[fields][0][first]\" aria-errormessage=\"wpforms-19403-field_0-error\" required><label for=\"wpforms-19403-field_0\" class=\"wpforms-field-sublabel after\">Vorname<\/label><\/div><div class=\"wpforms-field-row-block wpforms-one-half\"><input type=\"text\" id=\"wpforms-19403-field_0-last\" class=\"wpforms-field-name-last wpforms-field-required\" name=\"wpforms[fields][0][last]\" aria-errormessage=\"wpforms-19403-field_0-last-error\" required><label for=\"wpforms-19403-field_0-last\" class=\"wpforms-field-sublabel after\">Nachname<\/label><\/div><\/div><\/fieldset><\/div><div id=\"wpforms-19403-field_3-container\" class=\"wpforms-field wpforms-field-text\" data-field-id=\"3\"><label class=\"wpforms-field-label\" for=\"wpforms-19403-field_3\">Titel<\/label><input type=\"text\" id=\"wpforms-19403-field_3\" class=\"wpforms-field-medium\" name=\"wpforms[fields][3]\" aria-errormessage=\"wpforms-19403-field_3-error\" ><\/div><div id=\"wpforms-19403-field_5-container\" class=\"wpforms-field wpforms-field-text\" data-field-id=\"5\"><label class=\"wpforms-field-label\" for=\"wpforms-19403-field_5\">Beruf <span class=\"wpforms-required-label\" aria-hidden=\"true\">*<\/span><\/label><input type=\"text\" id=\"wpforms-19403-field_5\" class=\"wpforms-field-medium wpforms-field-required\" name=\"wpforms[fields][5]\" aria-errormessage=\"wpforms-19403-field_5-error\" required><\/div><div id=\"wpforms-19403-field_11-container\" class=\"wpforms-field wpforms-field-text\" data-field-id=\"11\"><label class=\"wpforms-field-label\" for=\"wpforms-19403-field_11\">Geburtsdatum<\/label><input type=\"text\" id=\"wpforms-19403-field_11\" class=\"wpforms-field-medium\" name=\"wpforms[fields][11]\" aria-errormessage=\"wpforms-19403-field_11-error\" aria-describedby=\"wpforms-19403-field_11-description\" ><div id=\"wpforms-19403-field_11-description\" class=\"wpforms-field-description\">TT\/MM\/YYYY<\/div><\/div><div id=\"wpforms-19403-field_1-container\" class=\"wpforms-field wpforms-field-email\" data-field-id=\"1\"><label class=\"wpforms-field-label\" for=\"wpforms-19403-field_1\">Email <span class=\"wpforms-required-label\" aria-hidden=\"true\">*<\/span><\/label><input type=\"email\" id=\"wpforms-19403-field_1\" class=\"wpforms-field-medium wpforms-field-required\" name=\"wpforms[fields][1]\" spellcheck=\"false\" aria-errormessage=\"wpforms-19403-field_1-error\" required><\/div><div id=\"wpforms-19403-field_7-container\" class=\"wpforms-field wpforms-field-text\" data-field-id=\"7\"><label class=\"wpforms-field-label\" for=\"wpforms-19403-field_7\">Handy<\/label><input type=\"text\" id=\"wpforms-19403-field_7\" class=\"wpforms-field-medium\" name=\"wpforms[fields][7]\" aria-errormessage=\"wpforms-19403-field_7-error\" ><\/div><div id=\"wpforms-19403-field_8-container\" class=\"wpforms-field wpforms-field-textarea\" data-field-id=\"8\"><label class=\"wpforms-field-label\" for=\"wpforms-19403-field_8\">Sonstige Information<\/label><textarea id=\"wpforms-19403-field_8\" class=\"wpforms-field-medium\" name=\"wpforms[fields][8]\" aria-errormessage=\"wpforms-19403-field_8-error\" ><\/textarea><\/div><div id=\"wpforms-19403-field_10-container\" class=\"wpforms-field wpforms-field-checkbox\" data-field-id=\"10\"><fieldset><legend class=\"wpforms-field-label\">\u00c4nderungen, R\u00fccktrittsrechte: <span class=\"wpforms-required-label\" aria-hidden=\"true\">*<\/span><\/legend><ul id=\"wpforms-19403-field_10\" class=\"wpforms-field-required\"><li class=\"choice-1 depth-1\"><input type=\"checkbox\" id=\"wpforms-19403-field_10_1\" name=\"wpforms[fields][10][]\" value=\"Hiermit best\u00e4tige ich verbindlich meine Anmeldung\" aria-errormessage=\"wpforms-19403-field_10_1-error\" aria-describedby=\"wpforms-19403-field_10-description\" required ><label class=\"wpforms-field-label-inline\" for=\"wpforms-19403-field_10_1\">Hiermit best\u00e4tige ich verbindlich meine Anmeldung<\/label><\/li><\/ul><div id=\"wpforms-19403-field_10-description\" class=\"wpforms-field-description\">Die Internationale Akademie f\u00fcr Positive und Transkulturelle Psychotherapie \u2013 Prof. Peseschkian Stiftung \u2013 ist bis 14 Tage vor dem jeweiligen Seminar berechtigt, die Veranstaltung abzusagen, sofern sich bis dahin eine nicht hinreichende Teilnehmerzahl angemeldet hat. Als nicht hinreichend gilt grunds\u00e4tzlich eine Teilnehmerzahl von weniger als 15 Personen. (Der Prof. Peseschkian Stiftung steht es jedoch im Einzelfall frei, die Seminare auch mit einer geringeren Anzahl von angemeldeten Teilnehmern durchzuf\u00fchren.) Hat der Teilnehmer bereits Seminargeb\u00fchren an die Prof. Peseschkian Stiftung gezahlt, werden ihm diese in gezahlter H\u00f6he erstattet.\r\nBeim R\u00fccktritt seitens des Teilnehmers bis mindestens 3 Wochen vor dem jeweiligen Seminartermin, wird die Teilnahmegeb\u00fchr abz\u00fcglich einer Verwaltungsgeb\u00fchr in H\u00f6he von 30,&#8211; \u20ac erstattet. Bei einem sp\u00e4teren R\u00fccktritt wird keine Erstattung gew\u00e4hrt.<\/div><\/fieldset><\/div><\/div><!-- .wpforms-field-container --><div class=\"wpforms-recaptcha-container wpforms-is-recaptcha wpforms-is-recaptcha-type-v3\" ><input type=\"hidden\" name=\"wpforms[recaptcha]\" value=\"\"><\/div><div class=\"wpforms-submit-container\" ><input type=\"hidden\" name=\"wpforms[id]\" value=\"19403\"><input type=\"hidden\" name=\"page_title\" value=\"\"><input type=\"hidden\" name=\"page_url\" value=\"https:\/\/en.peseschkian-stiftung.de\/de\/wp-json\/wp\/v2\/pages\/19011\"><input type=\"hidden\" name=\"url_referer\" value=\"\"><button type=\"submit\" name=\"wpforms[submit]\" id=\"wpforms-submit-19403\" class=\"wpforms-submit\" data-alt-text=\"Sending...\" data-submit-text=\"Submit\" aria-live=\"assertive\" value=\"wpforms-submit\">Submit<\/button><img loading=\"lazy\" decoding=\"async\" src=\"https:\/\/en.peseschkian-stiftung.de\/wp-content\/plugins\/wpforms-lite\/assets\/images\/submit-spin.svg\" class=\"wpforms-submit-spinner\" style=\"display: none;\" width=\"26\" height=\"26\" alt=\"Wird geladen\"><\/div><\/form><\/div>  <!-- .wpforms-container --><\/div><\/div><\/div><\/div><\/div><\/div>","protected":false},"excerpt":{"rendered":"","protected":false},"author":2,"featured_media":0,"parent":0,"menu_order":0,"comment_status":"closed","ping_status":"closed","template":"","meta":{"footnotes":""},"class_list":["post-19011","page","type-page","status-publish"],"jetpack_sharing_enabled":true,"_links":{"self":[{"href":"https:\/\/en.peseschkian-stiftung.de\/de\/wp-json\/wp\/v2\/pages\/19011"}],"collection":[{"href":"https:\/\/en.peseschkian-stiftung.de\/de\/wp-json\/wp\/v2\/pages"}],"about":[{"href":"https:\/\/en.peseschkian-stiftung.de\/de\/wp-json\/wp\/v2\/types\/page"}],"author":[{"embeddable":true,"href":"https:\/\/en.peseschkian-stiftung.de\/de\/wp-json\/wp\/v2\/users\/2"}],"replies":[{"embeddable":true,"href":"https:\/\/en.peseschkian-stiftung.de\/de\/wp-json\/wp\/v2\/comments?post=19011"}],"version-history":[{"count":15,"href":"https:\/\/en.peseschkian-stiftung.de\/de\/wp-json\/wp\/v2\/pages\/19011\/revisions"}],"predecessor-version":[{"id":19492,"href":"https:\/\/en.peseschkian-stiftung.de\/de\/wp-json\/wp\/v2\/pages\/19011\/revisions\/19492"}],"wp:attachment":[{"href":"https:\/\/en.peseschkian-stiftung.de\/de\/wp-json\/wp\/v2\/media?parent=19011"}],"curies":[{"name":"wp","href":"https:\/\/api.w.org\/{rel}","templated":true}]}}