{"id":18864,"date":"2020-12-25T12:32:48","date_gmt":"2020-12-25T12:32:48","guid":{"rendered":"https:\/\/peseschkian-foundation.org\/?page_id=18864"},"modified":"2021-10-16T13:44:20","modified_gmt":"2021-10-16T13:44:20","slug":"board","status":"publish","type":"page","link":"https:\/\/en.peseschkian-stiftung.de\/de\/board","title":{"rendered":"Vorstand"},"content":{"rendered":"<p><\/p><div class=\"gb-grid-wrapper gb-grid-wrapper-fc6ed123\"><div class=\"gb-grid-column gb-grid-column-f33d2a56\"><div class=\"gb-container gb-container-f33d2a56\"><div class=\"gb-inside-container\"><\/div><\/div><\/div>\n\n<div class=\"gb-grid-column gb-grid-column-3be869f3\"><div class=\"gb-container gb-container-3be869f3\"><div class=\"gb-inside-container\"><div class=\"gb-grid-column gb-grid-column-2c49e620\"><div class=\"gb-container gb-container-2c49e620\"><div class=\"gb-inside-container\"><div class=\"gb-container gb-container-0d443378\"><div class=\"gb-inside-container\"><div class=\"gb-grid-column gb-grid-column-989bcff4\"><div class=\"gb-container gb-container-989bcff4\"><div class=\"gb-inside-container\"><figure class=\"wp-block-image size-large rounded-corners img\"><img loading=\"lazy\" decoding=\"async\" width=\"800\" height=\"533\" src=\"https:\/\/peseschkian-foundation.org\/wp-content\/uploads\/2020\/12\/dr-Nawid.jpg\" alt=\"\" class=\"wp-image-18865\" srcset=\"https:\/\/en.peseschkian-stiftung.de\/wp-content\/uploads\/2020\/12\/dr-Nawid.jpg 800w, https:\/\/en.peseschkian-stiftung.de\/wp-content\/uploads\/2020\/12\/dr-Nawid-600x400.jpg 600w, https:\/\/en.peseschkian-stiftung.de\/wp-content\/uploads\/2020\/12\/dr-Nawid-300x200.jpg 300w, https:\/\/en.peseschkian-stiftung.de\/wp-content\/uploads\/2020\/12\/dr-Nawid-768x512.jpg 768w, https:\/\/en.peseschkian-stiftung.de\/wp-content\/uploads\/2020\/12\/dr-Nawid-16x12.jpg 16w\" sizes=\"(max-width: 800px) 100vw, 800px\" \/><\/figure>\n\n<h3 class=\"gb-headline gb-headline-ded888aa\">Dr. med Nawid Peseschkian<\/h3>\n\n<p class=\"gb-headline gb-headline-dbf30cd8\"><em>Facharzt f\u00fcr Kinder- und Jugendpsychiatrie &amp; Psychotherapie\n\nFacharzt f\u00fcr Psychiatrie &amp; Psychotherapie<br\/>Specialist in psychiatry &amp; psychotherapy<\/em><\/p>\n\n<div class=\"wp-block-group\"><div class=\"wp-block-group__inner-container is-layout-flow wp-block-group-is-layout-flow\"><p>Seit 1\/1998 niedergelassen in eigener Facharztpraxis mit sozial-psychiatrischem Schwerpunkt in Wiesbaden<\/p>\n\n<p>Seit vielen Jahren Durchf\u00fchrung zahlreicher Seminare, Vortr\u00e4ge, Kurse und Trainerausbildungen in diversen Management- und Marketing-Organisation wie z.B.: Hewlett-Packard, Management Institut Gabler, Berufsverband Deutscher Markt- und Sozialforscher e.V., Geno-Consult, RAPS, Diversa Wirtschaftsakademie, Banken, Sparkassen, Versicherungen, Handwerkskammern, AOK, Deutsche Gesellschaft f\u00fcr Technische Zusammenarbeit (GTZ), Deutsche Gesundheitshilfe, Gesellschaft f\u00fcr Gesundheitsberatung e.V., Kassen\u00e4rztliche Vereinigung Hessen<\/p>\n\n<p>Kontinuierliche Trainings im Rahmen der ADG Akademie Deutscher Genossenschaften in Montabaur<\/p>\n\n<p>Trainer von Moderatoren von Qualit\u00e4tszirkel im Auftrag der Kassen\u00e4rztlichen Vereinigung Hessen und Dozent im Rahmen der Ausbildung zum Qualit\u00e4tsmanager an der Landes\u00e4rztekammer Hessen in Bad Nauheim<\/p>\n\n<p>Staatlich bestallter Pr\u00fcfer am Hessischen Landespr\u00fcfungsamt f\u00fcr Heilberufe<\/p>\n\n<p>Seminare, Workshops und Vortr\u00e4ge in Bolivien, Bulgarien, Chile, China, Indien, Italien, Holland, Lettland, Kanada, Luxemburg, \u00d6sterreich, Russland, Schweiz, T\u00fcrkei, Ukraine, Ungarn, USA, Zypern<\/p><\/div><\/div>\n\n<div class=\"gb-button-wrapper gb-button-wrapper-383921fd\"><a class=\"gb-button gb-button-e7d0b33e\"><span class=\"gb-icon\"><svg aria-hidden=\"true\" height=\"1em\" width=\"1em\" viewbox=\"0 0 448 512\" xmlns=\"http:\/\/www.w3.org\/2000\/svg\"><path fill=\"currentColor\" d=\"M100.28 448H7.4V148.9h92.88zM53.79 108.1C24.09 108.1 0 83.5 0 53.8a53.79 53.79 0 0 1 107.58 0c0 29.7-24.1 54.3-53.79 54.3zM447.9 448h-92.68V302.4c0-34.7-.7-79.2-48.29-79.2-48.29 0-55.69 37.7-55.69 76.7V448h-92.78V148.9h89.08v40.8h1.3c12.4-23.5 42.69-48.3 87.88-48.3 94 0 111.28 61.9 111.28 142.3V448z\"><\/path><\/svg><\/span><\/a>\n\n<a class=\"gb-button gb-button-39a81b36\"><span class=\"gb-icon\"><svg aria-hidden=\"true\" height=\"1em\" width=\"1em\" viewbox=\"0 0 512 512\" xmlns=\"http:\/\/www.w3.org\/2000\/svg\"><path fill=\"currentColor\" d=\"M459.37 151.716c.325 4.548.325 9.097.325 13.645 0 138.72-105.583 298.558-298.558 298.558-59.452 0-114.68-17.219-161.137-47.106 8.447.974 16.568 1.299 25.34 1.299 49.055 0 94.213-16.568 130.274-44.832-46.132-.975-84.792-31.188-98.112-72.772 6.498.974 12.995 1.624 19.818 1.624 9.421 0 18.843-1.3 27.614-3.573-48.081-9.747-84.143-51.98-84.143-102.985v-1.299c13.969 7.797 30.214 12.67 47.431 13.319-28.264-18.843-46.781-51.005-46.781-87.391 0-19.492 5.197-37.36 14.294-52.954 51.655 63.675 129.3 105.258 216.365 109.807-1.624-7.797-2.599-15.918-2.599-24.04 0-57.828 46.782-104.934 104.934-104.934 30.213 0 57.502 12.67 76.67 33.137 23.715-4.548 46.456-13.32 66.599-25.34-7.798 24.366-24.366 44.833-46.132 57.827 21.117-2.273 41.584-8.122 60.426-16.243-14.292 20.791-32.161 39.308-52.628 54.253z\"><\/path><\/svg><\/span><\/a><\/div><\/div><\/div><\/div><\/div><\/div><\/div><\/div><\/div><\/div><\/div><\/div>\n\n<div class=\"gb-grid-column gb-grid-column-3fddf9e5\"><div class=\"gb-container gb-container-3fddf9e5\"><div class=\"gb-inside-container\"><\/div><\/div><\/div><\/div><p><\/p>","protected":false},"excerpt":{"rendered":"","protected":false},"author":2,"featured_media":0,"parent":0,"menu_order":0,"comment_status":"closed","ping_status":"closed","template":"","meta":{"footnotes":""},"class_list":["post-18864","page","type-page","status-publish"],"jetpack_sharing_enabled":true,"_links":{"self":[{"href":"https:\/\/en.peseschkian-stiftung.de\/de\/wp-json\/wp\/v2\/pages\/18864"}],"collection":[{"href":"https:\/\/en.peseschkian-stiftung.de\/de\/wp-json\/wp\/v2\/pages"}],"about":[{"href":"https:\/\/en.peseschkian-stiftung.de\/de\/wp-json\/wp\/v2\/types\/page"}],"author":[{"embeddable":true,"href":"https:\/\/en.peseschkian-stiftung.de\/de\/wp-json\/wp\/v2\/users\/2"}],"replies":[{"embeddable":true,"href":"https:\/\/en.peseschkian-stiftung.de\/de\/wp-json\/wp\/v2\/comments?post=18864"}],"version-history":[{"count":4,"href":"https:\/\/en.peseschkian-stiftung.de\/de\/wp-json\/wp\/v2\/pages\/18864\/revisions"}],"predecessor-version":[{"id":19026,"href":"https:\/\/en.peseschkian-stiftung.de\/de\/wp-json\/wp\/v2\/pages\/18864\/revisions\/19026"}],"wp:attachment":[{"href":"https:\/\/en.peseschkian-stiftung.de\/de\/wp-json\/wp\/v2\/media?parent=18864"}],"curies":[{"name":"wp","href":"https:\/\/api.w.org\/{rel}","templated":true}]}}