{"id":123,"date":"2020-04-11T17:03:07","date_gmt":"2020-04-11T17:03:07","guid":{"rendered":"https:\/\/gpsites.co\/dev\/?page_id=123"},"modified":"2023-06-03T13:30:50","modified_gmt":"2023-06-03T13:30:50","slug":"home","status":"publish","type":"page","link":"https:\/\/en.peseschkian-stiftung.de\/de\/","title":{"rendered":"Start"},"content":{"rendered":"<div class=\"gb-container gb-container-a3e5d29a\"><div class=\"gb-inside-container\"><\/div><\/div><div class=\"gb-container gb-container-c6eb0e05\"><div class=\"gb-inside-container\"><div class=\"gb-grid-wrapper gb-grid-wrapper-de5b70b9\"><div class=\"gb-grid-column gb-grid-column-9018599c\"><div class=\"gb-container gb-container-9018599c\"><div class=\"gb-inside-container\"><h2 class=\"gb-headline gb-headline-e00bbb4a translation-block\">Internationale Akademie f\u00fcr Positive und Transkulturelle Psychotherapie (IAPP) - Prof. Peseschkian Stiftung<\/h2>\n\n<p class=\"has-text-align-left\" style=\"font-size:22px\">Die Internationale Akademie f\u00fcr Positive und Transkulturelle Psychotherapie (IAPP) - Prof. Peseschkian Stiftung \u2013 ist eine gemeinn\u00fctzige Stiftung, die sowohl operativ als auch f\u00f6rdernd t\u00e4tig ist. Ein Schwerpunkt der Stiftungsarbeit bildet das Weiterbildungsangebot in Wiesbaden: Weiterbildung zum Berater und Life-Coach, die Lehrerfortbildung und Tagesseminare. Dar\u00fcber hinaus betreibt die Stiftung ein Weiterbildungsprojekt in \u00c4thiopien, wo sie auch ein Schul-Kinderheim f\u00f6rdert.<\/p>\n\n<p><\/p>\n\n<div class=\"gb-button-wrapper gb-button-wrapper-83d81a01\"><a class=\"gb-button gb-button-827a86ed button\" href=\"https:\/\/peseschkian-foundation.org\/foundation-info\"><span class=\"button-text\">Erfahren Sie mehr<\/span><\/a><\/div><\/div><\/div><\/div>\n\n<div class=\"gb-grid-column gb-grid-column-571dc9be\"><div class=\"gb-container gb-container-571dc9be\"><div class=\"gb-inside-container\"><div class=\"wp-block-image is-style-default\"><figure class=\"alignleft size-large\"><img loading=\"lazy\" decoding=\"async\" width=\"1024\" height=\"768\" src=\"https:\/\/peseschkian-foundation.org\/wp-content\/uploads\/2020\/12\/Peseschkian-Stiftung-Wiesbaden-1024x768.jpg\" alt=\"\" class=\"wp-image-18811\" srcset=\"https:\/\/en.peseschkian-stiftung.de\/wp-content\/uploads\/2020\/12\/Peseschkian-Stiftung-Wiesbaden-1024x768.jpg 1024w, https:\/\/en.peseschkian-stiftung.de\/wp-content\/uploads\/2020\/12\/Peseschkian-Stiftung-Wiesbaden-600x450.jpg 600w, https:\/\/en.peseschkian-stiftung.de\/wp-content\/uploads\/2020\/12\/Peseschkian-Stiftung-Wiesbaden-300x225.jpg 300w, https:\/\/en.peseschkian-stiftung.de\/wp-content\/uploads\/2020\/12\/Peseschkian-Stiftung-Wiesbaden-768x576.jpg 768w, https:\/\/en.peseschkian-stiftung.de\/wp-content\/uploads\/2020\/12\/Peseschkian-Stiftung-Wiesbaden-1536x1152.jpg 1536w, https:\/\/en.peseschkian-stiftung.de\/wp-content\/uploads\/2020\/12\/Peseschkian-Stiftung-Wiesbaden-16x12.jpg 16w, https:\/\/en.peseschkian-stiftung.de\/wp-content\/uploads\/2020\/12\/Peseschkian-Stiftung-Wiesbaden.jpg 2048w\" sizes=\"(max-width: 1024px) 100vw, 1024px\" \/><\/figure><\/div><\/div><\/div><\/div><\/div><\/div><\/div><div class=\"gb-container gb-container-e62b38a0\"><div class=\"gb-inside-container\"><div class=\"gb-grid-wrapper gb-grid-wrapper-b6c1d0fa\"><div class=\"gb-grid-column gb-grid-column-843a0f4b\"><div class=\"gb-container gb-container-843a0f4b\"><div class=\"gb-inside-container\"><div class=\"gb-headline-wrapper gb-headline-wrapper-bfb98cf8\"><span class=\"gb-icon\"><svg xml:space=\"preserve\" style=\"enable-background:new 0 0 60 4.688;\" viewbox=\"0 0 60 4.688\" y=\"0px\" x=\"0px\" xmlns:xlink=\"http:\/\/www.w3.org\/1999\/xlink\" xmlns=\"http:\/\/www.w3.org\/2000\/svg\" id=\"Capa_1\" version=\"1.1\"> <g> \t<g> \t\t<path d=\"M57.656,0H2.344C1.049,0,0,1.049,0,2.344c0,1.294,1.049,2.344,2.344,2.344h55.312C58.951,4.688,60,3.638,60,2.344 \t\t\tS58.951,0,57.656,0z\"><\/path> \t<\/g> <\/g> <\/svg><\/span><h2 class=\"gb-headline gb-headline-bfb98cf8\">Gr\u00fcnder der Stiftung<\/h2><\/div>\n\n<p>Die Professor Peseschkian Stiftung wurde von Prof. Dr. med. Nossrat Peseschkian und seiner Frau Manije Peseschkian im Jahre 2006 gegru\u0308ndet.<\/p>\n\n<p>Prof. Dr. med. Nossrat Peseschkian, Psychiater und Psychotherapeut (1933-2010) war Begru\u0308nder der Positiven Psychotherapie seit 1968 unter dem Begriff Differenzierungsanalyse und seit 1977 Positive und Transkulturelle Psychotherapie.<\/p>\n\n<p>Manije Peseschkian (geb. 1940-2020) studierte Biologie und hat eine Aus- und Weiterbildung zur Familientherapeutin absolviert. Sie war im Vorstand der Stiftung ta\u0308tig.<\/p>\n\n<p><\/p><\/div><\/div><\/div>\n\n<div class=\"gb-grid-column gb-grid-column-89edc3bf\"><div class=\"gb-container gb-container-89edc3bf\"><div class=\"gb-inside-container\"><figure class=\"wp-block-image size-large rounded-corners img box-shadow\"><img loading=\"lazy\" decoding=\"async\" width=\"1024\" height=\"695\" src=\"https:\/\/peseschkian-foundation.org\/wp-content\/uploads\/2020\/12\/founders-1024x695.png\" alt=\"\" class=\"wp-image-18810\" srcset=\"https:\/\/en.peseschkian-stiftung.de\/wp-content\/uploads\/2020\/12\/founders-1024x695.png 1024w, https:\/\/en.peseschkian-stiftung.de\/wp-content\/uploads\/2020\/12\/founders-600x407.png 600w, https:\/\/en.peseschkian-stiftung.de\/wp-content\/uploads\/2020\/12\/founders-300x204.png 300w, https:\/\/en.peseschkian-stiftung.de\/wp-content\/uploads\/2020\/12\/founders-768x521.png 768w, https:\/\/en.peseschkian-stiftung.de\/wp-content\/uploads\/2020\/12\/founders-16x12.png 16w, https:\/\/en.peseschkian-stiftung.de\/wp-content\/uploads\/2020\/12\/founders.png 1229w\" sizes=\"(max-width: 1024px) 100vw, 1024px\" \/><\/figure><\/div><\/div><\/div><\/div><\/div><\/div><div id=\"projects\" class=\"gb-container gb-container-ef060cca\"><div class=\"gb-inside-container\"><div class=\"gb-grid-wrapper gb-grid-wrapper-ab525d59\"><div class=\"gb-grid-column gb-grid-column-92fcf43a\"><div class=\"gb-container gb-container-92fcf43a\"><div class=\"gb-inside-container\"><div class=\"wp-block-image is-style-default\"><figure class=\"aligncenter size-large is-resized\"><img loading=\"lazy\" decoding=\"async\" src=\"https:\/\/peseschkian-foundation.org\/wp-content\/uploads\/2020\/12\/IMG_4560.jpg\" alt=\"\" class=\"wp-image-18814\" width=\"613\" height=\"460\" srcset=\"https:\/\/en.peseschkian-stiftung.de\/wp-content\/uploads\/2020\/12\/IMG_4560.jpg 960w, https:\/\/en.peseschkian-stiftung.de\/wp-content\/uploads\/2020\/12\/IMG_4560-600x450.jpg 600w, https:\/\/en.peseschkian-stiftung.de\/wp-content\/uploads\/2020\/12\/IMG_4560-300x225.jpg 300w, https:\/\/en.peseschkian-stiftung.de\/wp-content\/uploads\/2020\/12\/IMG_4560-768x576.jpg 768w, https:\/\/en.peseschkian-stiftung.de\/wp-content\/uploads\/2020\/12\/IMG_4560-16x12.jpg 16w\" sizes=\"(max-width: 613px) 100vw, 613px\" \/><\/figure><\/div><\/div><\/div><\/div>\n\n<div class=\"gb-grid-column gb-grid-column-4d08899a\"><div class=\"gb-container gb-container-4d08899a\"><div class=\"gb-inside-container\"><div class=\"gb-headline-wrapper gb-headline-wrapper-4c52d255\"><span class=\"gb-icon\"><svg version=\"1.1\" id=\"Capa_1\" xmlns=\"http:\/\/www.w3.org\/2000\/svg\" xmlns:xlink=\"http:\/\/www.w3.org\/1999\/xlink\" x=\"0px\" y=\"0px\" viewbox=\"0 0 60 4.688\" style=\"enable-background:new 0 0 60 4.688;\" xml:space=\"preserve\"> <g> \t<g> \t\t<path d=\"M57.656,0H2.344C1.049,0,0,1.049,0,2.344c0,1.294,1.049,2.344,2.344,2.344h55.312C58.951,4.688,60,3.638,60,2.344 \t\t\tS58.951,0,57.656,0z\"><\/path> \t<\/g> <\/g> <\/svg><\/span><h2 class=\"gb-headline gb-headline-4c52d255\">Projekte<\/h2><\/div>\n\n<p class=\"translation-block\">Die Prof. Peseschkian Stiftung ist sowohl f\u00f6rdernd als auch operativ t\u00e4tig. Die Projekte werden \u00fcberwiegend von der Stiftung konzeptionell entwickelt und nach M\u00f6glichkeit selbst durchgef\u00fchrt. Die Stiftung f\u00fchlt sich vorrangig dem Dienste am Menschen verpflichtet, insbesondere dem (transkulturellen) Verst\u00e4ndnis f\u00fcreinander.\n\nDie Stiftung f\u00fchrt verschiedene Weiterbildungsprojekte im In- und Ausland durch.\n\nIn Wiesbaden wird j\u00e4hrlich eine berufsbegleitende Weiterbildung zum \u201eBerater &amp; Life-Coach\u201c sowie die von der Hessischen Lehrkr\u00e4fteakademie akkreditierte Lehrerfortbildung \u201eLehrergesundheit st\u00e4rken \u2013 \u201agesunde Schule\u2018 f\u00f6rdern\u201c angeboten. Ferner finden j\u00e4hrlich drei Tagesseminare zu verschiedenen Themen statt.\n\nIn \u00c4thiopien f\u00fchrt die Stiftung ein Mental Health Projekt durch, in dem \u00c4rzte, Psychologen und Lehrer in Positiver Psychotherapie ausgebildet und somit in die Lage versetzt werden, der vielfach traumatisierten Bev\u00f6lkerung psychosoziale und psychotherapeutische Hilfestellung zu geben.<\/p>\n\n<p>Ferner ist die Stiftung mit einem F\u00f6rderprojekt in \u00c4thiopien vertreten: Durch Spenden und pers\u00f6nliche Beratung vor Ort wird die \u201eFresh &amp; Green Academy\u201c unterst\u00fctzt \u2013 ein Schul-Kinderheim, das bed\u00fcrftigen Kindern schulische Bildung und ein Zuhause bietet.<\/p>\n\n<p><\/p><\/div><\/div><\/div><\/div>\n\n<div class=\"wp-block-columns alignwide are-vertically-aligned-center is-layout-flex wp-container-core-columns-is-layout-1 wp-block-columns-is-layout-flex\"><div class=\"wp-block-column is-vertically-aligned-center is-layout-flow wp-block-column-is-layout-flow\"><div style=\"height:45px\" aria-hidden=\"true\" class=\"wp-block-spacer\"><\/div>\n\n<div class=\"gb-button-wrapper gb-button-wrapper-14fe5571\"><a class=\"gb-button gb-button-0893678d button\" href=\"https:\/\/en.peseschkian-stiftung.de\/de\/school-project-in-ethiopia\"><span class=\"gb-icon\"><svg xmlns=\"http:\/\/www.w3.org\/2000\/svg\" aria-hidden=\"true\" data-prefix=\"fas\" data-icon=\"school\" class=\"svg-inline--fa fa-school fa-w-20\" viewbox=\"0 0 640 512\"><path fill=\"currentColor\" d=\"M0 224v272c0 8.84 7.16 16 16 16h80V192H32c-17.67 0-32 14.33-32 32zm360-48h-24v-40c0-4.42-3.58-8-8-8h-16c-4.42 0-8 3.58-8 8v64c0 4.42 3.58 8 8 8h48c4.42 0 8-3.58 8-8v-16c0-4.42-3.58-8-8-8zm137.75-63.96l-160-106.67a32.02 32.02 0 00-35.5 0l-160 106.67A32.002 32.002 0 00128 138.66V512h128V368c0-8.84 7.16-16 16-16h96c8.84 0 16 7.16 16 16v144h128V138.67c0-10.7-5.35-20.7-14.25-26.63zM320 256c-44.18 0-80-35.82-80-80s35.82-80 80-80 80 35.82 80 80-35.82 80-80 80zm288-64h-64v320h80c8.84 0 16-7.16 16-16V224c0-17.67-14.33-32-32-32z\"><\/path><\/svg><\/span><span class=\"button-text\">Schulprojekte \u00c4thiopien<\/span><\/a>\n\n<a class=\"gb-button gb-button-7978019f button\" href=\"https:\/\/peseschkian-foundation.org\/mental-health-project-in-ethiopia\"><span class=\"gb-icon\"><svg xmlns=\"http:\/\/www.w3.org\/2000\/svg\" aria-hidden=\"true\" data-prefix=\"fas\" data-icon=\"brain\" class=\"svg-inline--fa fa-brain fa-w-18\" viewbox=\"0 0 576 512\"><path fill=\"currentColor\" d=\"M208 0c-29.9 0-54.7 20.5-61.8 48.2-.8 0-1.4-.2-2.2-.2-35.3 0-64 28.7-64 64 0 4.8.6 9.5 1.7 14C52.5 138 32 166.6 32 200c0 12.6 3.2 24.3 8.3 34.9C16.3 248.7 0 274.3 0 304c0 33.3 20.4 61.9 49.4 73.9-.9 4.6-1.4 9.3-1.4 14.1 0 39.8 32.2 72 72 72 4.1 0 8.1-.5 12-1.2 9.6 28.5 36.2 49.2 68 49.2 39.8 0 72-32.2 72-72V64c0-35.3-28.7-64-64-64zm368 304c0-29.7-16.3-55.3-40.3-69.1 5.2-10.6 8.3-22.3 8.3-34.9 0-33.4-20.5-62-49.7-74 1-4.5 1.7-9.2 1.7-14 0-35.3-28.7-64-64-64-.8 0-1.5.2-2.2.2C422.7 20.5 397.9 0 368 0c-35.3 0-64 28.6-64 64v376c0 39.8 32.2 72 72 72 31.8 0 58.4-20.7 68-49.2 3.9.7 7.9 1.2 12 1.2 39.8 0 72-32.2 72-72 0-4.8-.5-9.5-1.4-14.1 29-12 49.4-40.6 49.4-73.9z\"><\/path><\/svg><\/span><span class=\"button-text\">Mental Health Projekt<\/span><\/a><\/div>\n\n<p><\/p><\/div><\/div><\/div><\/div><div class=\"gb-container gb-container-11c8fda8\"><div class=\"gb-inside-container\"><div class=\"gb-headline-wrapper gb-headline-wrapper-0556f98c\"><span class=\"gb-icon\"><svg version=\"1.1\" id=\"Capa_1\" xmlns=\"http:\/\/www.w3.org\/2000\/svg\" xmlns:xlink=\"http:\/\/www.w3.org\/1999\/xlink\" x=\"0px\" y=\"0px\" viewbox=\"0 0 60 4.688\" style=\"enable-background:new 0 0 60 4.688;\" xml:space=\"preserve\"> <g> \t<g> \t\t<path d=\"M57.656,0H2.344C1.049,0,0,1.049,0,2.344c0,1.294,1.049,2.344,2.344,2.344h55.312C58.951,4.688,60,3.638,60,2.344 \t\t\tS58.951,0,57.656,0z\"><\/path> \t<\/g> <\/g> <\/svg><\/span><h2 class=\"gb-headline gb-headline-0556f98c\">Methode der Positiven und Transkulturellen Psychotherapie<br\/><\/h2><\/div>\n\n<p>Die Methode der Positiven und Transkulturellen Psychotherapie (PPT), die von Prof. Nossrat Peseschkian seit 1968 entwickelt wurde, ist eine tiefenpsychologisch fundierte, humanistische Psychotherapiemethode, die u. a. von der Europ\u00e4ischen Gesellschaft f\u00fcr Psychotherapie (EAP) und der Landes\u00e4rztekammer Hessen anerkannt ist.<br><\/p>\n\n<p><strong>Menschenbild:<\/strong>Das Menschenbild, dass der Positiven Psychotherapie zugrunde liegt, ist u.a. dadurch gekennzeichnet, dass es sich an den F\u00e4higkeiten und Ressourcen des Menschen orientiert. Ferner zeichnet es sich durch seine ganzheitliche Betrachtung des Menschen als Einheit von K\u00f6rper, Verstand, Gef\u00fchlen und Seele aus.<br><strong>Ressourcen-Orientierung:<\/strong>Die Positive Psychotherapie ber\u00fccksichtigt nicht nur die gest\u00f6rten Bereiche des Menschen, sondern vor allem auch seine F\u00e4higkeiten. Das Wort \u201ePositiv\u201c (lat. Positum) bedeutet hier \u201edas Ganze, das Tats\u00e4chliche\u201c. Die Positive Psychotherapie nutzt die individuell angelegten F\u00e4higkeiten und Ressourcen eines Menschen, um mit ihm gemeinsam Strategien zur Konfliktverarbeitung und Selbsthilfe zu entwickeln. Vor diesem Hintergrund werden Konflikte als Herausforderung f\u00fcr die Weiterentwicklung dieser F\u00e4higkeiten betrachtet.<br><strong>Einsatzbereiche:<\/strong>Mithilfe von kultur\u00fcbergreifend einsetzbaren Werkzeugen und innovativen Techniken ist die Positive Psychotherapie in einer Vielzahl von Settings anwendbar. Aufgrund ihrer leichten Verst\u00e4ndlichkeit wird sie au\u00dferhalb des psychotherapeutischen Rahmens auch erfolgreich in den Bereichen P\u00e4dagogik, Training und Beratung eingesetzt.<\/p>\n\n<div style=\"height:100px\" aria-hidden=\"true\" class=\"wp-block-spacer\"><\/div>\n\n<div class=\"gb-grid-wrapper gb-grid-wrapper-fde0c1be\"><div class=\"gb-grid-column gb-grid-column-b842abd1\"><div class=\"gb-container gb-container-b842abd1 column-shadow\"><div class=\"gb-inside-container\"><div class=\"gb-headline-wrapper gb-headline-wrapper-ce7e5a4a\"><span class=\"gb-icon\"><svg viewbox=\"0 0 384 512\" class=\"svg-inline--fa fa-award fa-w-12\" data-icon=\"award\" data-prefix=\"fas\" aria-hidden=\"true\" xmlns=\"http:\/\/www.w3.org\/2000\/svg\"><path d=\"M97.12 362.63c-8.69-8.69-4.16-6.24-25.12-11.85-9.51-2.55-17.87-7.45-25.43-13.32L1.2 448.7c-4.39 10.77 3.81 22.47 15.43 22.03l52.69-2.01L105.56 507c8 8.44 22.04 5.81 26.43-4.96l52.05-127.62c-10.84 6.04-22.87 9.58-35.31 9.58-19.5 0-37.82-7.59-51.61-21.37zM382.8 448.7l-45.37-111.24c-7.56 5.88-15.92 10.77-25.43 13.32-21.07 5.64-16.45 3.18-25.12 11.85-13.79 13.78-32.12 21.37-51.62 21.37-12.44 0-24.47-3.55-35.31-9.58L252 502.04c4.39 10.77 18.44 13.4 26.43 4.96l36.25-38.28 52.69 2.01c11.62.44 19.82-11.27 15.43-22.03zM263 340c15.28-15.55 17.03-14.21 38.79-20.14 13.89-3.79 24.75-14.84 28.47-28.98 7.48-28.4 5.54-24.97 25.95-45.75 10.17-10.35 14.14-25.44 10.42-39.58-7.47-28.38-7.48-24.42 0-52.83 3.72-14.14-.25-29.23-10.42-39.58-20.41-20.78-18.47-17.36-25.95-45.75-3.72-14.14-14.58-25.19-28.47-28.98-27.88-7.61-24.52-5.62-44.95-26.41-10.17-10.35-25-14.4-38.89-10.61-27.87 7.6-23.98 7.61-51.9 0-13.89-3.79-28.72.25-38.89 10.61-20.41 20.78-17.05 18.8-44.94 26.41-13.89 3.79-24.75 14.84-28.47 28.98-7.47 28.39-5.54 24.97-25.95 45.75-10.17 10.35-14.15 25.44-10.42 39.58 7.47 28.36 7.48 24.4 0 52.82-3.72 14.14.25 29.23 10.42 39.59 20.41 20.78 18.47 17.35 25.95 45.75 3.72 14.14 14.58 25.19 28.47 28.98C104.6 325.96 106.27 325 121 340c13.23 13.47 33.84 15.88 49.74 5.82a39.676 39.676 0 0142.53 0c15.89 10.06 36.5 7.65 49.73-5.82zM97.66 175.96c0-53.03 42.24-96.02 94.34-96.02s94.34 42.99 94.34 96.02-42.24 96.02-94.34 96.02-94.34-42.99-94.34-96.02z\" fill=\"currentColor\"><\/path><\/svg><\/span><h4 class=\"gb-headline gb-headline-ce7e5a4a\">Qualit\u00e4tssicherung<\/h4><\/div>\n\n<p class=\"has-text-align-center\">Dr. Peseschkian, der Mitglied im wissenschaftlichen Beirat unseres Instituts ist, beschreibt Umfang und einige Ergebnisse seiner Studie \u201eComputergest\u00fctzte Qualit\u00e4tssicherung in der Positiven Psychotherapie\u201c.<\/p>\n\n<div class=\"gb-button-wrapper gb-button-wrapper-87e01918\"><a class=\"gb-button gb-button-b3f064f4 smooth-scroll\" href=\"https:\/\/peseschkian-foundation.org\/quality-assurance\"><span class=\"button-text\">Mehr Info<\/span><span class=\"gb-icon\"><svg aria-hidden=\"true\" data-prefix=\"fas\" data-icon=\"long-arrow-alt-right\" class=\"svg-inline--fa fa-long-arrow-alt-right fa-w-14\" xmlns=\"http:\/\/www.w3.org\/2000\/svg\" viewbox=\"0 0 448 512\"><path fill=\"currentColor\" d=\"M313.941 216H12c-6.627 0-12 5.373-12 12v56c0 6.627 5.373 12 12 12h301.941v46.059c0 21.382 25.851 32.09 40.971 16.971l86.059-86.059c9.373-9.373 9.373-24.569 0-33.941l-86.059-86.059c-15.119-15.119-40.971-4.411-40.971 16.971V216z\"><\/path><\/svg><\/span><\/a><\/div><\/div><\/div><\/div>\n\n<div class=\"gb-grid-column gb-grid-column-a8328748\"><div class=\"gb-container gb-container-a8328748 column-shadow\"><div class=\"gb-inside-container\"><div class=\"gb-headline-wrapper gb-headline-wrapper-0c660a3c\"><span class=\"gb-icon\"><svg viewbox=\"0 0 512 512\" class=\"svg-inline--fa fa-arrows-alt fa-w-16\" data-icon=\"arrows-alt\" data-prefix=\"fas\" aria-hidden=\"true\" xmlns=\"http:\/\/www.w3.org\/2000\/svg\"><path d=\"M352.201 425.775l-79.196 79.196c-9.373 9.373-24.568 9.373-33.941 0l-79.196-79.196c-15.119-15.119-4.411-40.971 16.971-40.97h51.162L228 284H127.196v51.162c0 21.382-25.851 32.09-40.971 16.971L7.029 272.937c-9.373-9.373-9.373-24.569 0-33.941L86.225 159.8c15.119-15.119 40.971-4.411 40.971 16.971V228H228V127.196h-51.23c-21.382 0-32.09-25.851-16.971-40.971l79.196-79.196c9.373-9.373 24.568-9.373 33.941 0l79.196 79.196c15.119 15.119 4.411 40.971-16.971 40.971h-51.162V228h100.804v-51.162c0-21.382 25.851-32.09 40.97-16.971l79.196 79.196c9.373 9.373 9.373 24.569 0 33.941L425.773 352.2c-15.119 15.119-40.971 4.411-40.97-16.971V284H284v100.804h51.23c21.382 0 32.09 25.851 16.971 40.971z\" fill=\"currentColor\"><\/path><\/svg><\/span><h4 class=\"gb-headline gb-headline-0c660a3c\">Balance-Modell<\/h4><\/div>\n\n<p class=\"has-text-align-center\">Das \u201eBalancemodell\u201c von Nossrat Peseschkian ist als \u201eHerzst\u00fcck\u201c der Positiven Psychotherapie bekannt und wird in unterschiedlichen Settings eingesetzt. Es wird auch als \u201eRautenmodell\u201c, \u201evier Qualit\u00e4ten des Lebens\u201c, \u201evier Wege der Konfliktverarbeitung\u201c oder als \u201edie vier Wege oder Medien der Erkenntnisf\u00e4higkeit\u201c bezeichnet. <\/p>\n\n<div class=\"gb-button-wrapper gb-button-wrapper-29480cad\"><a class=\"gb-button gb-button-c23124e8 smooth-scroll\" href=\"https:\/\/peseschkian-foundation.org\/balance-model\"><span class=\"button-text\">Mehr Info<\/span><span class=\"gb-icon\"><svg aria-hidden=\"true\" data-prefix=\"fas\" data-icon=\"long-arrow-alt-right\" class=\"svg-inline--fa fa-long-arrow-alt-right fa-w-14\" xmlns=\"http:\/\/www.w3.org\/2000\/svg\" viewbox=\"0 0 448 512\"><path fill=\"currentColor\" d=\"M313.941 216H12c-6.627 0-12 5.373-12 12v56c0 6.627 5.373 12 12 12h301.941v46.059c0 21.382 25.851 32.09 40.971 16.971l86.059-86.059c9.373-9.373 9.373-24.569 0-33.941l-86.059-86.059c-15.119-15.119-40.971-4.411-40.971 16.971V216z\"><\/path><\/svg><\/span><\/a><\/div><\/div><\/div><\/div>\n\n<div class=\"gb-grid-column gb-grid-column-43a2e335\"><div class=\"gb-container gb-container-43a2e335 column-shadow\"><div class=\"gb-inside-container\"><div class=\"gb-headline-wrapper gb-headline-wrapper-bcd5ef7b\"><span class=\"gb-icon\"><svg viewbox=\"0 0 576 512\" class=\"svg-inline--fa fa-comments fa-w-18\" data-icon=\"comments\" data-prefix=\"fas\" aria-hidden=\"true\" xmlns=\"http:\/\/www.w3.org\/2000\/svg\"><path d=\"M416 192c0-88.4-93.1-160-208-160S0 103.6 0 192c0 34.3 14.1 65.9 38 92-13.4 30.2-35.5 54.2-35.8 54.5-2.2 2.3-2.8 5.7-1.5 8.7S4.8 352 8 352c36.6 0 66.9-12.3 88.7-25 32.2 15.7 70.3 25 111.3 25 114.9 0 208-71.6 208-160zm122 220c23.9-26 38-57.7 38-92 0-66.9-53.5-124.2-129.3-148.1.9 6.6 1.3 13.3 1.3 20.1 0 105.9-107.7 192-240 192-10.8 0-21.3-.8-31.7-1.9C207.8 439.6 281.8 480 368 480c41 0 79.1-9.2 111.3-25 21.8 12.7 52.1 25 88.7 25 3.2 0 6.1-1.9 7.3-4.8 1.3-2.9.7-6.3-1.5-8.7-.3-.3-22.4-24.2-35.8-54.5z\" fill=\"currentColor\"><\/path><\/svg><\/span><h4 class=\"gb-headline gb-headline-bcd5ef7b\">Konfliktbew\u00e4ltigung<\/h4><\/div>\n\n<p class=\"has-text-align-center\">Die f\u00fcnf Stufen der Therapie innerhalb der einzelnen Sitzung und der gesamten Therapie stellen eine Strukturierung des spontan ablaufenden kommunikativen Prozesses dar. Sie geben dem Therapeuten als auch dem Patienten Halt und Sicherheit und bereitet den Patienten fr\u00fchzeitig auf die Konfliktverarbeitung und Selbsthilfe vor, insbesondere auf die Zeit nach der Therapie.<\/p>\n\n<div class=\"gb-button-wrapper gb-button-wrapper-f69af656\"><a class=\"gb-button gb-button-3f908ec9 smooth-scroll\" href=\"https:\/\/peseschkian-foundation.org\/conflict-resolution\"><span class=\"button-text\">Mehr Info<\/span><span class=\"gb-icon\"><svg aria-hidden=\"true\" data-prefix=\"fas\" data-icon=\"long-arrow-alt-right\" class=\"svg-inline--fa fa-long-arrow-alt-right fa-w-14\" xmlns=\"http:\/\/www.w3.org\/2000\/svg\" viewbox=\"0 0 448 512\"><path fill=\"currentColor\" d=\"M313.941 216H12c-6.627 0-12 5.373-12 12v56c0 6.627 5.373 12 12 12h301.941v46.059c0 21.382 25.851 32.09 40.971 16.971l86.059-86.059c9.373-9.373 9.373-24.569 0-33.941l-86.059-86.059c-15.119-15.119-40.971-4.411-40.971 16.971V216z\"><\/path><\/svg><\/span><\/a><\/div><\/div><\/div><\/div><\/div><\/div><\/div><div class=\"gb-container gb-container-6bc861d4\"><div class=\"gb-inside-container\"><h2 class=\"gb-headline gb-headline-44470ed0\">Bei Fragen kontaktieren sie uns gerne!<\/h2>\n\n<div class=\"gb-button-wrapper gb-button-wrapper-a93286c0\"><a class=\"gb-button gb-button-5e49e487 button\" href=\"https:\/\/en.peseschkian-stiftung.de\/de\/contact-2\"><span class=\"button-text\">Kontakt<\/span><\/a><\/div><\/div><\/div>","protected":false},"excerpt":{"rendered":"","protected":false},"author":2,"featured_media":0,"parent":0,"menu_order":0,"comment_status":"closed","ping_status":"closed","template":"","meta":{"footnotes":""},"class_list":["post-123","page","type-page","status-publish"],"jetpack_sharing_enabled":true,"_links":{"self":[{"href":"https:\/\/en.peseschkian-stiftung.de\/de\/wp-json\/wp\/v2\/pages\/123"}],"collection":[{"href":"https:\/\/en.peseschkian-stiftung.de\/de\/wp-json\/wp\/v2\/pages"}],"about":[{"href":"https:\/\/en.peseschkian-stiftung.de\/de\/wp-json\/wp\/v2\/types\/page"}],"author":[{"embeddable":true,"href":"https:\/\/en.peseschkian-stiftung.de\/de\/wp-json\/wp\/v2\/users\/2"}],"replies":[{"embeddable":true,"href":"https:\/\/en.peseschkian-stiftung.de\/de\/wp-json\/wp\/v2\/comments?post=123"}],"version-history":[{"count":52,"href":"https:\/\/en.peseschkian-stiftung.de\/de\/wp-json\/wp\/v2\/pages\/123\/revisions"}],"predecessor-version":[{"id":19586,"href":"https:\/\/en.peseschkian-stiftung.de\/de\/wp-json\/wp\/v2\/pages\/123\/revisions\/19586"}],"wp:attachment":[{"href":"https:\/\/en.peseschkian-stiftung.de\/de\/wp-json\/wp\/v2\/media?parent=123"}],"curies":[{"name":"wp","href":"https:\/\/api.w.org\/{rel}","templated":true}]}}